{"id":537006,"date":"2020-10-18T23:58:16","date_gmt":"2024-08-13T15:15:52","guid":{"rendered":"https:\/\/tilefly.com\/producto\/rodapie-hipster-smoke-rec-95x60\/"},"modified":"2024-08-13T17:15:52","modified_gmt":"2024-08-13T15:15:52","slug":"rodapie-hipster-smoke-rec-95x60","status":"publish","type":"product","link":"https:\/\/tilefly.com\/fr\/produit\/rodapie-hipster-smoke-rec-95x60\/","title":{"rendered":"RODAPIE HIPSTER SMOKE REC 9,5X60"},"content":{"rendered":"<p>Plinthe assortie au sol moderne en gr\u00e8s c\u00e9rame rectifi\u00e9 du m\u00eame nom.<\/p>","protected":false},"excerpt":{"rendered":"<p>Plinthe assortie au sol moderne en gr\u00e8s c\u00e9rame rectifi\u00e9 du m\u00eame nom.<\/p>\n","protected":false},"featured_media":537007,"comment_status":"open","ping_status":"closed","template":"","meta":[],"product_brand":[],"product_cat":[353,355,356,354,357],"product_tag":[],"class_list":{"0":"post-537006","1":"product","2":"type-product","3":"status-publish","4":"has-post-thumbnail","6":"product_cat-carrelage","7":"product_cat-cuisines","8":"product_cat-faiences","9":"product_cat-carrelage-salle-de-bain","10":"product_cat-carrelage-salon","12":"first","13":"outofstock","14":"shipping-taxable","15":"purchasable","16":"product-type-simple"},"_links":{"self":[{"href":"https:\/\/tilefly.com\/fr\/wp-json\/wp\/v2\/product\/537006","targetHints":{"allow":["GET"]}}],"collection":[{"href":"https:\/\/tilefly.com\/fr\/wp-json\/wp\/v2\/product"}],"about":[{"href":"https:\/\/tilefly.com\/fr\/wp-json\/wp\/v2\/types\/product"}],"replies":[{"embeddable":true,"href":"https:\/\/tilefly.com\/fr\/wp-json\/wp\/v2\/comments?post=537006"}],"wp:featuredmedia":[{"embeddable":true,"href":"https:\/\/tilefly.com\/fr\/wp-json\/wp\/v2\/media\/537007"}],"wp:attachment":[{"href":"https:\/\/tilefly.com\/fr\/wp-json\/wp\/v2\/media?parent=537006"}],"wp:term":[{"taxonomy":"product_brand","embeddable":true,"href":"https:\/\/tilefly.com\/fr\/wp-json\/wp\/v2\/product_brand?post=537006"},{"taxonomy":"product_cat","embeddable":true,"href":"https:\/\/tilefly.com\/fr\/wp-json\/wp\/v2\/product_cat?post=537006"},{"taxonomy":"product_tag","embeddable":true,"href":"https:\/\/tilefly.com\/fr\/wp-json\/wp\/v2\/product_tag?post=537006"}],"curies":[{"name":"wp","href":"https:\/\/api.w.org\/{rel}","templated":true}]}}