{"id":536863,"date":"2021-02-04T21:46:14","date_gmt":"2024-08-13T15:02:17","guid":{"rendered":"https:\/\/tilefly.com\/producto\/statuario-gold-pulido-80x80\/"},"modified":"2024-08-13T17:02:17","modified_gmt":"2024-08-13T15:02:17","slug":"statuario-gold-pulido-80x80","status":"publish","type":"product","link":"https:\/\/tilefly.com\/fr\/produit\/statuario-gold-pulido-80x80\/","title":{"rendered":"STATUARIO GOLD PULIDO 80X80"},"content":{"rendered":"<p>Gr\u00e8s c\u00e9rame poli L&#8217;\u00e9l\u00e9gance d&#8217;un classique intemporel, Maximus.<br \/>Plongez dans sa vaste gamme de recr\u00e9ations en marbre.<br \/>Le marbre, un classique irrempla\u00e7able dans l&#8217;histoire du design et de la d\u00e9coration d&#8217;int\u00e9rieur.<br \/>Depuis les d\u00e9buts d&#8217;American Tile Spain, nous nous sommes engag\u00e9s dans le d\u00e9veloppement de la reproduction de ce noble mat\u00e9riau jusqu&#8217;\u00e0 ce qu&#8217;il devienne notre marque et notre r\u00e9f\u00e9rence sur le march\u00e9 espagnol, ainsi que sur d&#8217;autres march\u00e9s internationaux.<br \/>Le r\u00e9sultat de ce grand engagement dans le d\u00e9veloppement du gr\u00e8s c\u00e9rame marbr\u00e9 est la naissance de Maximus.<br \/>La s\u00e9rie la plus compl\u00e8te d&#8217;American Tile Spain avec dix designs diff\u00e9rents d\u00e9velopp\u00e9s avec les derni\u00e8res technologies pour faire de Maximus ce qu&#8217;il est aujourd&#8217;hui : la durabilit\u00e9, la praticit\u00e9 et la r\u00e9sistance d&#8217;un gr\u00e8s c\u00e9rame ; avec une solution stylistique classique, \u00e9l\u00e9gante et intemporelle pour la recr\u00e9ation du marbre.<br \/>Avec chacun de ses 10 designs diff\u00e9rents, il est possible de cr\u00e9er des espaces d&#8217;une grande force esth\u00e9tique et de caract\u00e8re.<br \/>Des motifs et veines les plus doux aux lignes et traits les plus marqu\u00e9s avec un grand r\u00e9alisme.<br \/>Cette collection est compl\u00e9t\u00e9e par diff\u00e9rentes options de carreaux de grand format (120X120 et 90X180).        <\/p>","protected":false},"excerpt":{"rendered":"<p>Gr\u00e8s c\u00e9rame poli L&#8217;\u00e9l\u00e9gance d&#8217;un classique intemporel, Maximus.Plongez dans sa vaste gamme de recr\u00e9ations en marbre.Le marbre, un classique irrempla\u00e7able dans l&#8217;histoire du design et de la d\u00e9coration d&#8217;int\u00e9rieur.Depuis les d\u00e9buts d&#8217;American Tile Spain, nous nous sommes engag\u00e9s dans le d\u00e9veloppement de la reproduction de ce noble mat\u00e9riau jusqu&#8217;\u00e0 ce qu&#8217;il devienne notre marque et [&hellip;]<\/p>\n","protected":false},"featured_media":247463,"comment_status":"open","ping_status":"closed","template":"","meta":[],"product_brand":[],"product_cat":[353,355,356,354],"product_tag":[],"class_list":{"0":"post-536863","1":"product","2":"type-product","3":"status-publish","4":"has-post-thumbnail","6":"product_cat-carrelage","7":"product_cat-cuisines","8":"product_cat-faiences","9":"product_cat-carrelage-salle-de-bain","11":"first","12":"outofstock","13":"shipping-taxable","14":"purchasable","15":"product-type-simple"},"_links":{"self":[{"href":"https:\/\/tilefly.com\/fr\/wp-json\/wp\/v2\/product\/536863","targetHints":{"allow":["GET"]}}],"collection":[{"href":"https:\/\/tilefly.com\/fr\/wp-json\/wp\/v2\/product"}],"about":[{"href":"https:\/\/tilefly.com\/fr\/wp-json\/wp\/v2\/types\/product"}],"replies":[{"embeddable":true,"href":"https:\/\/tilefly.com\/fr\/wp-json\/wp\/v2\/comments?post=536863"}],"wp:featuredmedia":[{"embeddable":true,"href":"https:\/\/tilefly.com\/fr\/wp-json\/wp\/v2\/media\/247463"}],"wp:attachment":[{"href":"https:\/\/tilefly.com\/fr\/wp-json\/wp\/v2\/media?parent=536863"}],"wp:term":[{"taxonomy":"product_brand","embeddable":true,"href":"https:\/\/tilefly.com\/fr\/wp-json\/wp\/v2\/product_brand?post=536863"},{"taxonomy":"product_cat","embeddable":true,"href":"https:\/\/tilefly.com\/fr\/wp-json\/wp\/v2\/product_cat?post=536863"},{"taxonomy":"product_tag","embeddable":true,"href":"https:\/\/tilefly.com\/fr\/wp-json\/wp\/v2\/product_tag?post=536863"}],"curies":[{"name":"wp","href":"https:\/\/api.w.org\/{rel}","templated":true}]}}