{"id":536735,"date":"2020-10-18T23:58:16","date_gmt":"2024-08-13T14:55:56","guid":{"rendered":"https:\/\/tilefly.com\/producto\/pan-de-plata-30x60\/"},"modified":"2024-08-13T16:55:56","modified_gmt":"2024-08-13T14:55:56","slug":"pan-de-plata-30x60","status":"publish","type":"product","link":"https:\/\/tilefly.com\/fr\/produit\/pan-de-plata-30x60\/","title":{"rendered":"PAN DE PLATA 30X60"},"content":{"rendered":"<p>Impressionnant verre de cristal avec des feuilles d&#8217;argent qui donnera de l&#8217;\u00e9l\u00e9gance et de la sobri\u00e9t\u00e9 \u00e0 n&#8217;importe quel environnement.<br \/>Il est id\u00e9al pour se combiner avec les blancs et les marbres.<br \/>Il existe \u00e9galement un lavabo en verre assorti.  <\/p>","protected":false},"excerpt":{"rendered":"<p>Impressionnant verre de cristal avec des feuilles d&#8217;argent qui donnera de l&#8217;\u00e9l\u00e9gance et de la sobri\u00e9t\u00e9 \u00e0 n&#8217;importe quel environnement.Il est id\u00e9al pour se combiner avec les blancs et les marbres.Il existe \u00e9galement un lavabo en verre assorti.<\/p>\n","protected":false},"featured_media":133362,"comment_status":"open","ping_status":"closed","template":"","meta":[],"product_brand":[],"product_cat":[355,356,354],"product_tag":[],"class_list":{"0":"post-536735","1":"product","2":"type-product","3":"status-publish","4":"has-post-thumbnail","6":"product_cat-cuisines","7":"product_cat-faiences","8":"product_cat-carrelage-salle-de-bain","10":"first","11":"instock","12":"shipping-taxable","13":"purchasable","14":"product-type-simple"},"_links":{"self":[{"href":"https:\/\/tilefly.com\/fr\/wp-json\/wp\/v2\/product\/536735","targetHints":{"allow":["GET"]}}],"collection":[{"href":"https:\/\/tilefly.com\/fr\/wp-json\/wp\/v2\/product"}],"about":[{"href":"https:\/\/tilefly.com\/fr\/wp-json\/wp\/v2\/types\/product"}],"replies":[{"embeddable":true,"href":"https:\/\/tilefly.com\/fr\/wp-json\/wp\/v2\/comments?post=536735"}],"wp:featuredmedia":[{"embeddable":true,"href":"https:\/\/tilefly.com\/fr\/wp-json\/wp\/v2\/media\/133362"}],"wp:attachment":[{"href":"https:\/\/tilefly.com\/fr\/wp-json\/wp\/v2\/media?parent=536735"}],"wp:term":[{"taxonomy":"product_brand","embeddable":true,"href":"https:\/\/tilefly.com\/fr\/wp-json\/wp\/v2\/product_brand?post=536735"},{"taxonomy":"product_cat","embeddable":true,"href":"https:\/\/tilefly.com\/fr\/wp-json\/wp\/v2\/product_cat?post=536735"},{"taxonomy":"product_tag","embeddable":true,"href":"https:\/\/tilefly.com\/fr\/wp-json\/wp\/v2\/product_tag?post=536735"}],"curies":[{"name":"wp","href":"https:\/\/api.w.org\/{rel}","templated":true}]}}