{"id":536694,"date":"2020-10-12T21:53:54","date_gmt":"2024-08-13T14:55:20","guid":{"rendered":"https:\/\/tilefly.com\/producto\/klint-perla-mt-30x60\/"},"modified":"2024-08-13T16:55:20","modified_gmt":"2024-08-13T14:55:20","slug":"klint-perla-mt-30x60","status":"publish","type":"product","link":"https:\/\/tilefly.com\/fr\/produit\/klint-perla-mt-30x60\/","title":{"rendered":"KLINT PERLA MT 30X60"},"content":{"rendered":"<p>Ce carreau en p\u00e2te rouge de la s\u00e9rie Klint est un carreau mural \u00e9conomique id\u00e9al pour les zones non humides, il pr\u00e9sente une texture imitation pierre et une finition mate en format 30X60 centim\u00e8tres.<\/p>","protected":false},"excerpt":{"rendered":"<p>Ce carreau en p\u00e2te rouge de la s\u00e9rie Klint est un carreau mural \u00e9conomique id\u00e9al pour les zones non humides, il pr\u00e9sente une texture imitation pierre et une finition mate en format 30X60 centim\u00e8tres.<\/p>\n","protected":false},"featured_media":536696,"comment_status":"open","ping_status":"closed","template":"","meta":[],"product_brand":[],"product_cat":[356],"product_tag":[],"class_list":{"0":"post-536694","1":"product","2":"type-product","3":"status-publish","4":"has-post-thumbnail","6":"product_cat-faiences","8":"first","9":"outofstock","10":"shipping-taxable","11":"purchasable","12":"product-type-simple"},"_links":{"self":[{"href":"https:\/\/tilefly.com\/fr\/wp-json\/wp\/v2\/product\/536694","targetHints":{"allow":["GET"]}}],"collection":[{"href":"https:\/\/tilefly.com\/fr\/wp-json\/wp\/v2\/product"}],"about":[{"href":"https:\/\/tilefly.com\/fr\/wp-json\/wp\/v2\/types\/product"}],"replies":[{"embeddable":true,"href":"https:\/\/tilefly.com\/fr\/wp-json\/wp\/v2\/comments?post=536694"}],"wp:featuredmedia":[{"embeddable":true,"href":"https:\/\/tilefly.com\/fr\/wp-json\/wp\/v2\/media\/536696"}],"wp:attachment":[{"href":"https:\/\/tilefly.com\/fr\/wp-json\/wp\/v2\/media?parent=536694"}],"wp:term":[{"taxonomy":"product_brand","embeddable":true,"href":"https:\/\/tilefly.com\/fr\/wp-json\/wp\/v2\/product_brand?post=536694"},{"taxonomy":"product_cat","embeddable":true,"href":"https:\/\/tilefly.com\/fr\/wp-json\/wp\/v2\/product_cat?post=536694"},{"taxonomy":"product_tag","embeddable":true,"href":"https:\/\/tilefly.com\/fr\/wp-json\/wp\/v2\/product_tag?post=536694"}],"curies":[{"name":"wp","href":"https:\/\/api.w.org\/{rel}","templated":true}]}}