{"id":536621,"date":"2020-10-12T21:28:48","date_gmt":"2020-10-12T19:28:48","guid":{"rendered":"https:\/\/tilefly.com\/producto\/firenze-perla-br-30x60\/"},"modified":"2024-08-13T16:54:14","modified_gmt":"2024-08-13T14:54:14","slug":"firenze-perla-br-30x60","status":"publish","type":"product","link":"https:\/\/tilefly.com\/fr\/produit\/firenze-perla-br-30x60\/","title":{"rendered":"FIRENZE PERLA BR 30X60"},"content":{"rendered":"<p>Ce Carreaux en p\u00e2te rouge de la s\u00e9rie Firenze est un carreau mural \u00e9conomique id\u00e9al pour les zones non humides, avec une texture imitant le marbre et une finition brillante en format 30X60 centim\u00e8tres.<\/p>","protected":false},"excerpt":{"rendered":"<p>Ce Carreaux en p\u00e2te rouge de la s\u00e9rie Firenze est un carreau mural \u00e9conomique id\u00e9al pour les zones non humides, avec une texture imitant le marbre et une finition brillante en format 30X60 centim\u00e8tres.<\/p>\n","protected":false},"featured_media":536623,"comment_status":"open","ping_status":"closed","template":"","meta":[],"product_brand":[],"product_cat":[356],"product_tag":[],"class_list":{"0":"post-536621","1":"product","2":"type-product","3":"status-publish","4":"has-post-thumbnail","6":"product_cat-faiences","8":"first","9":"outofstock","10":"shipping-taxable","11":"purchasable","12":"product-type-simple"},"_links":{"self":[{"href":"https:\/\/tilefly.com\/fr\/wp-json\/wp\/v2\/product\/536621","targetHints":{"allow":["GET"]}}],"collection":[{"href":"https:\/\/tilefly.com\/fr\/wp-json\/wp\/v2\/product"}],"about":[{"href":"https:\/\/tilefly.com\/fr\/wp-json\/wp\/v2\/types\/product"}],"replies":[{"embeddable":true,"href":"https:\/\/tilefly.com\/fr\/wp-json\/wp\/v2\/comments?post=536621"}],"wp:featuredmedia":[{"embeddable":true,"href":"https:\/\/tilefly.com\/fr\/wp-json\/wp\/v2\/media\/536623"}],"wp:attachment":[{"href":"https:\/\/tilefly.com\/fr\/wp-json\/wp\/v2\/media?parent=536621"}],"wp:term":[{"taxonomy":"product_brand","embeddable":true,"href":"https:\/\/tilefly.com\/fr\/wp-json\/wp\/v2\/product_brand?post=536621"},{"taxonomy":"product_cat","embeddable":true,"href":"https:\/\/tilefly.com\/fr\/wp-json\/wp\/v2\/product_cat?post=536621"},{"taxonomy":"product_tag","embeddable":true,"href":"https:\/\/tilefly.com\/fr\/wp-json\/wp\/v2\/product_tag?post=536621"}],"curies":[{"name":"wp","href":"https:\/\/api.w.org\/{rel}","templated":true}]}}