{"id":536036,"date":"2020-10-11T12:57:50","date_gmt":"2020-10-11T10:57:50","guid":{"rendered":"https:\/\/tilefly.com\/producto\/tabit-vt-gold-sat-25x75\/"},"modified":"2024-08-13T16:43:25","modified_gmt":"2024-08-13T14:43:25","slug":"tabit-vt-gold-sat-25x75","status":"publish","type":"product","link":"https:\/\/tilefly.com\/fr\/produit\/tabit-vt-gold-sat-25x75\/","title":{"rendered":"TABIT VT GOLD SAT. 25X75"},"content":{"rendered":"<p>Cette tuile en p\u00e2te rouge de la s\u00e9rie Tabit Vt est une tuile \u00e9conomique id\u00e9ale pour les zones non humides, avec une texture imitant le marbre et une finition brillante en format 25X75 centim\u00e8tres.<\/p>","protected":false},"excerpt":{"rendered":"<p>Cette tuile en p\u00e2te rouge de la s\u00e9rie Tabit Vt est une tuile \u00e9conomique id\u00e9ale pour les zones non humides, avec une texture imitant le marbre et une finition brillante en format 25X75 centim\u00e8tres.<\/p>\n","protected":false},"featured_media":536039,"comment_status":"open","ping_status":"closed","template":"","meta":[],"product_brand":[],"product_cat":[356],"product_tag":[],"class_list":{"0":"post-536036","1":"product","2":"type-product","3":"status-publish","4":"has-post-thumbnail","6":"product_cat-faiences","8":"first","9":"instock","10":"shipping-taxable","11":"purchasable","12":"product-type-simple"},"_links":{"self":[{"href":"https:\/\/tilefly.com\/fr\/wp-json\/wp\/v2\/product\/536036","targetHints":{"allow":["GET"]}}],"collection":[{"href":"https:\/\/tilefly.com\/fr\/wp-json\/wp\/v2\/product"}],"about":[{"href":"https:\/\/tilefly.com\/fr\/wp-json\/wp\/v2\/types\/product"}],"replies":[{"embeddable":true,"href":"https:\/\/tilefly.com\/fr\/wp-json\/wp\/v2\/comments?post=536036"}],"wp:featuredmedia":[{"embeddable":true,"href":"https:\/\/tilefly.com\/fr\/wp-json\/wp\/v2\/media\/536039"}],"wp:attachment":[{"href":"https:\/\/tilefly.com\/fr\/wp-json\/wp\/v2\/media?parent=536036"}],"wp:term":[{"taxonomy":"product_brand","embeddable":true,"href":"https:\/\/tilefly.com\/fr\/wp-json\/wp\/v2\/product_brand?post=536036"},{"taxonomy":"product_cat","embeddable":true,"href":"https:\/\/tilefly.com\/fr\/wp-json\/wp\/v2\/product_cat?post=536036"},{"taxonomy":"product_tag","embeddable":true,"href":"https:\/\/tilefly.com\/fr\/wp-json\/wp\/v2\/product_tag?post=536036"}],"curies":[{"name":"wp","href":"https:\/\/api.w.org\/{rel}","templated":true}]}}