{"id":535651,"date":"2020-09-28T14:36:26","date_gmt":"2020-09-28T12:36:26","guid":{"rendered":"https:\/\/tilefly.com\/producto\/amstel-cemento-mt-45x45-inout\/"},"modified":"2024-08-13T15:40:55","modified_gmt":"2024-08-13T13:40:55","slug":"amstel-cemento-mt-45x45-inout","status":"publish","type":"product","link":"https:\/\/tilefly.com\/fr\/produit\/amstel-cemento-mt-45x45-inout\/","title":{"rendered":"AMSTEL CEMENTO MT 45X45 INOUT"},"content":{"rendered":"<p>Ce Carreaux de Porcelaine de la s\u00e9rie AMSTEL se distingue par son mat\u00e9riau de Porcelaine \u00c9maill\u00e9e \u00e9tant l&#8217;un des plus r\u00e9sistants du march\u00e9, il a une texture Imitation ciment avec une finition Mate en format 45X45.<\/p>","protected":false},"excerpt":{"rendered":"<p>Ce Carreaux de Porcelaine de la s\u00e9rie AMSTEL se distingue par son mat\u00e9riau de Porcelaine \u00c9maill\u00e9e \u00e9tant l&#8217;un des plus r\u00e9sistants du march\u00e9, il a une texture Imitation ciment avec une finition Mate en format 45X45.<\/p>\n","protected":false},"featured_media":535654,"comment_status":"open","ping_status":"closed","template":"","meta":[],"product_brand":[],"product_cat":[353,355,356,354,357],"product_tag":[],"class_list":{"0":"post-535651","1":"product","2":"type-product","3":"status-publish","4":"has-post-thumbnail","6":"product_cat-carrelage","7":"product_cat-cuisines","8":"product_cat-faiences","9":"product_cat-carrelage-salle-de-bain","10":"product_cat-carrelage-salon","12":"first","13":"instock","14":"shipping-taxable","15":"purchasable","16":"product-type-simple"},"_links":{"self":[{"href":"https:\/\/tilefly.com\/fr\/wp-json\/wp\/v2\/product\/535651","targetHints":{"allow":["GET"]}}],"collection":[{"href":"https:\/\/tilefly.com\/fr\/wp-json\/wp\/v2\/product"}],"about":[{"href":"https:\/\/tilefly.com\/fr\/wp-json\/wp\/v2\/types\/product"}],"replies":[{"embeddable":true,"href":"https:\/\/tilefly.com\/fr\/wp-json\/wp\/v2\/comments?post=535651"}],"wp:featuredmedia":[{"embeddable":true,"href":"https:\/\/tilefly.com\/fr\/wp-json\/wp\/v2\/media\/535654"}],"wp:attachment":[{"href":"https:\/\/tilefly.com\/fr\/wp-json\/wp\/v2\/media?parent=535651"}],"wp:term":[{"taxonomy":"product_brand","embeddable":true,"href":"https:\/\/tilefly.com\/fr\/wp-json\/wp\/v2\/product_brand?post=535651"},{"taxonomy":"product_cat","embeddable":true,"href":"https:\/\/tilefly.com\/fr\/wp-json\/wp\/v2\/product_cat?post=535651"},{"taxonomy":"product_tag","embeddable":true,"href":"https:\/\/tilefly.com\/fr\/wp-json\/wp\/v2\/product_tag?post=535651"}],"curies":[{"name":"wp","href":"https:\/\/api.w.org\/{rel}","templated":true}]}}