{"id":535593,"date":"2021-04-12T12:52:16","date_gmt":"2021-04-12T10:52:16","guid":{"rendered":"https:\/\/tilefly.com\/producto\/duomo-blanco-mt-333x90-rect\/"},"modified":"2024-08-13T15:40:17","modified_gmt":"2024-08-13T13:40:17","slug":"duomo-blanco-mt-333x90-rect","status":"publish","type":"product","link":"https:\/\/tilefly.com\/fr\/produit\/duomo-blanco-mt-333x90-rect\/","title":{"rendered":"DUOMO BLANCO MT 33,3X90 RECT."},"content":{"rendered":"<h1><strong>DUOMO Carreaux en p\u00e2te blanche BLANC MT 33,3X90 RECT.<\/strong><\/h1><p>Ce carreau Pasta Blanca au format cm, finition mate, coloris naturel et blanc est parfait pour votre int\u00e9rieur. Son mat\u00e9riau de fabrication est la p\u00e2te blanche.<\/p><p>Particularit\u00e9s : Imitation marbre<\/p>","protected":false},"excerpt":{"rendered":"<p>DUOMO Carreaux en p\u00e2te blanche BLANC MT 33,3X90 RECT.Ce carreau Pasta Blanca au format cm, finition mate, coloris naturel et blanc est parfait pour votre int\u00e9rieur. Son mat\u00e9riau de fabrication est la p\u00e2te blanche.Particularit\u00e9s : Imitation marbre<\/p>\n","protected":false},"featured_media":535595,"comment_status":"closed","ping_status":"closed","template":"","meta":[],"product_brand":[],"product_cat":[356,355,354,357],"product_tag":[],"class_list":{"0":"post-535593","1":"product","2":"type-product","3":"status-publish","4":"has-post-thumbnail","6":"product_cat-faiences","7":"product_cat-cuisines","8":"product_cat-carrelage-salle-de-bain","9":"product_cat-carrelage-salon","11":"first","12":"instock","13":"shipping-taxable","14":"purchasable","15":"product-type-simple"},"_links":{"self":[{"href":"https:\/\/tilefly.com\/fr\/wp-json\/wp\/v2\/product\/535593","targetHints":{"allow":["GET"]}}],"collection":[{"href":"https:\/\/tilefly.com\/fr\/wp-json\/wp\/v2\/product"}],"about":[{"href":"https:\/\/tilefly.com\/fr\/wp-json\/wp\/v2\/types\/product"}],"replies":[{"embeddable":true,"href":"https:\/\/tilefly.com\/fr\/wp-json\/wp\/v2\/comments?post=535593"}],"wp:featuredmedia":[{"embeddable":true,"href":"https:\/\/tilefly.com\/fr\/wp-json\/wp\/v2\/media\/535595"}],"wp:attachment":[{"href":"https:\/\/tilefly.com\/fr\/wp-json\/wp\/v2\/media?parent=535593"}],"wp:term":[{"taxonomy":"product_brand","embeddable":true,"href":"https:\/\/tilefly.com\/fr\/wp-json\/wp\/v2\/product_brand?post=535593"},{"taxonomy":"product_cat","embeddable":true,"href":"https:\/\/tilefly.com\/fr\/wp-json\/wp\/v2\/product_cat?post=535593"},{"taxonomy":"product_tag","embeddable":true,"href":"https:\/\/tilefly.com\/fr\/wp-json\/wp\/v2\/product_tag?post=535593"}],"curies":[{"name":"wp","href":"https:\/\/api.w.org\/{rel}","templated":true}]}}