{"id":535496,"date":"2021-01-29T17:34:02","date_gmt":"2021-01-29T16:34:02","guid":{"rendered":"https:\/\/tilefly.com\/producto\/koen-naturale-matt-rect-30x120\/"},"modified":"2024-08-13T15:38:14","modified_gmt":"2024-08-13T13:38:14","slug":"koen-naturale-matt-rect-30x120","status":"publish","type":"product","link":"https:\/\/tilefly.com\/fr\/produit\/koen-naturale-matt-rect-30x120\/","title":{"rendered":"KOEN NATURALE MATT RECT. 30X120"},"content":{"rendered":"<p>Imitation bois de la s\u00e9rie Koen, en gr\u00e8s c\u00e9rame tr\u00e8s r\u00e9sistant.<\/p>","protected":false},"excerpt":{"rendered":"<p>Imitation bois de la s\u00e9rie Koen, en gr\u00e8s c\u00e9rame tr\u00e8s r\u00e9sistant.<\/p>\n","protected":false},"featured_media":245443,"comment_status":"open","ping_status":"closed","template":"","meta":[],"product_brand":[],"product_cat":[353,355,356,354],"product_tag":[],"class_list":{"0":"post-535496","1":"product","2":"type-product","3":"status-publish","4":"has-post-thumbnail","6":"product_cat-carrelage","7":"product_cat-cuisines","8":"product_cat-faiences","9":"product_cat-carrelage-salle-de-bain","11":"first","12":"instock","13":"shipping-taxable","14":"purchasable","15":"product-type-simple"},"_links":{"self":[{"href":"https:\/\/tilefly.com\/fr\/wp-json\/wp\/v2\/product\/535496","targetHints":{"allow":["GET"]}}],"collection":[{"href":"https:\/\/tilefly.com\/fr\/wp-json\/wp\/v2\/product"}],"about":[{"href":"https:\/\/tilefly.com\/fr\/wp-json\/wp\/v2\/types\/product"}],"replies":[{"embeddable":true,"href":"https:\/\/tilefly.com\/fr\/wp-json\/wp\/v2\/comments?post=535496"}],"wp:featuredmedia":[{"embeddable":true,"href":"https:\/\/tilefly.com\/fr\/wp-json\/wp\/v2\/media\/245443"}],"wp:attachment":[{"href":"https:\/\/tilefly.com\/fr\/wp-json\/wp\/v2\/media?parent=535496"}],"wp:term":[{"taxonomy":"product_brand","embeddable":true,"href":"https:\/\/tilefly.com\/fr\/wp-json\/wp\/v2\/product_brand?post=535496"},{"taxonomy":"product_cat","embeddable":true,"href":"https:\/\/tilefly.com\/fr\/wp-json\/wp\/v2\/product_cat?post=535496"},{"taxonomy":"product_tag","embeddable":true,"href":"https:\/\/tilefly.com\/fr\/wp-json\/wp\/v2\/product_tag?post=535496"}],"curies":[{"name":"wp","href":"https:\/\/api.w.org\/{rel}","templated":true}]}}