{"id":535354,"date":"2020-10-09T16:05:16","date_gmt":"2020-10-09T14:05:16","guid":{"rendered":"https:\/\/tilefly.com\/producto\/salem-sand-mt-25x100-rect\/"},"modified":"2024-08-13T15:36:40","modified_gmt":"2024-08-13T13:36:40","slug":"salem-sand-mt-25x100-rect","status":"publish","type":"product","link":"https:\/\/tilefly.com\/fr\/produit\/salem-sand-mt-25x100-rect\/","title":{"rendered":"SALEM SAND MT 25X100 RECT."},"content":{"rendered":"<p>Ce Carreaux en Porcelaine de la s\u00e9rie SALEM se distingue par son mat\u00e9riau en Porcelaine Emaill\u00e9e qui est l&#8217;un des plus r\u00e9sistants du march\u00e9, il a une texture Imitation Bois avec une finition Matte en format 25X100 RECT.<\/p>","protected":false},"excerpt":{"rendered":"<p>Ce Carreaux en Porcelaine de la s\u00e9rie SALEM se distingue par son mat\u00e9riau en Porcelaine Emaill\u00e9e qui est l&#8217;un des plus r\u00e9sistants du march\u00e9, il a une texture Imitation Bois avec une finition Matte en format 25X100 RECT.<\/p>\n","protected":false},"featured_media":535356,"comment_status":"open","ping_status":"closed","template":"","meta":[],"product_brand":[],"product_cat":[353,355,357],"product_tag":[],"class_list":{"0":"post-535354","1":"product","2":"type-product","3":"status-publish","4":"has-post-thumbnail","6":"product_cat-carrelage","7":"product_cat-cuisines","8":"product_cat-carrelage-salon","10":"first","11":"outofstock","12":"shipping-taxable","13":"purchasable","14":"product-type-simple"},"_links":{"self":[{"href":"https:\/\/tilefly.com\/fr\/wp-json\/wp\/v2\/product\/535354","targetHints":{"allow":["GET"]}}],"collection":[{"href":"https:\/\/tilefly.com\/fr\/wp-json\/wp\/v2\/product"}],"about":[{"href":"https:\/\/tilefly.com\/fr\/wp-json\/wp\/v2\/types\/product"}],"replies":[{"embeddable":true,"href":"https:\/\/tilefly.com\/fr\/wp-json\/wp\/v2\/comments?post=535354"}],"wp:featuredmedia":[{"embeddable":true,"href":"https:\/\/tilefly.com\/fr\/wp-json\/wp\/v2\/media\/535356"}],"wp:attachment":[{"href":"https:\/\/tilefly.com\/fr\/wp-json\/wp\/v2\/media?parent=535354"}],"wp:term":[{"taxonomy":"product_brand","embeddable":true,"href":"https:\/\/tilefly.com\/fr\/wp-json\/wp\/v2\/product_brand?post=535354"},{"taxonomy":"product_cat","embeddable":true,"href":"https:\/\/tilefly.com\/fr\/wp-json\/wp\/v2\/product_cat?post=535354"},{"taxonomy":"product_tag","embeddable":true,"href":"https:\/\/tilefly.com\/fr\/wp-json\/wp\/v2\/product_tag?post=535354"}],"curies":[{"name":"wp","href":"https:\/\/api.w.org\/{rel}","templated":true}]}}