{"id":534676,"date":"2023-01-09T13:07:03","date_gmt":"2023-01-09T12:07:03","guid":{"rendered":"https:\/\/tilefly.com\/producto\/bourg-rect-40x120-2cm\/"},"modified":"2024-08-13T15:29:37","modified_gmt":"2024-08-13T13:29:37","slug":"bourg-rect-40x120-2cm","status":"publish","type":"product","link":"https:\/\/tilefly.com\/fr\/produit\/bourg-rect-40x120-2cm\/","title":{"rendered":"BOURG RECT 40X120 (2CM)"},"content":{"rendered":"<h1><strong>Bourg<\/strong><\/h1><p><\/p><h4>Carreaux format 40X120 de la s\u00e9rie 4.STONES<\/h4><p><\/p><h5>Une surface pleine de passion<\/h5><p><\/p><p>Cette pierre porte le nom de son lieu d&#8217;origine.<br \/>Valmalenco est une large vall\u00e9e alpine de la province de Sondrio (Italie), proche de la fronti\u00e8re suisse.<br \/>Mat\u00e9riau \u00e0 l&#8217;aspect serpentin gr\u00e2ce \u00e0 ses veines, il est devenu un signe distinctif de l&#8217;architecture milanaise.  <\/p><h2>S\u00e9rie 4 Pierres<\/h2><p>Quatre propositions de pierres dans leur typologie originale pour garantir des reproductions authentiques de pierres naturelles en termes de couleur, de surface et de texture.<br \/>Chacune d&#8217;entre elles est con\u00e7ue pour s&#8217;int\u00e9grer dans n&#8217;importe quel environnement, qu&#8217;il soit public ou priv\u00e9, int\u00e9rieur ou ext\u00e9rieur. <\/p><p>Il est \u00e9galement disponible en format 120 cm et avec une \u00e9paisseur de 20 mm, qui peut \u00eatre utilis\u00e9 pour les jardins et les piscines.<\/p><p>Pour la d\u00e9coration, nous avons cr\u00e9\u00e9 sur chaque pierre une structure qui reproduit les anciens plans de coupe que le marbrier pla\u00e7ait sur les pi\u00e8ces dans l&#8217;atelier.<\/p><p>Original ou copie ?<br \/>Naturel ou num\u00e9rique ?<br \/>Cette collection de 4 pierres en c\u00e9ramique d\u00e9fie les limites de la fabrication.<br \/>Reproductions pleines d&#8217;authenticit\u00e9 et de saveur propre, <a href=\"https:\/\/tilefly.com\/?post_type=product&#038;p=519157\">4 Stones<\/a> est une nouvelle fa\u00e7on d&#8217;appr\u00e9hender le design, o\u00f9 qualit\u00e9, naturel et durabilit\u00e9 vont de pair.   <\/p>","protected":false},"excerpt":{"rendered":"<p>BourgCarreaux format 40X120 de la s\u00e9rie 4.STONESUne surface pleine de passionCette pierre porte le nom de son lieu d&#8217;origine.Valmalenco est une large vall\u00e9e alpine de la province de Sondrio (Italie), proche de la fronti\u00e8re suisse.Mat\u00e9riau \u00e0 l&#8217;aspect serpentin gr\u00e2ce \u00e0 ses veines, il est devenu un signe distinctif de l&#8217;architecture milanaise. S\u00e9rie 4 PierresQuatre propositions [&hellip;]<\/p>\n","protected":false},"featured_media":520821,"comment_status":"open","ping_status":"closed","template":"","meta":[],"product_brand":[],"product_cat":[353],"product_tag":[],"class_list":{"0":"post-534676","1":"product","2":"type-product","3":"status-publish","4":"has-post-thumbnail","6":"product_cat-carrelage","8":"first","9":"outofstock","10":"shipping-taxable","11":"purchasable","12":"product-type-simple"},"_links":{"self":[{"href":"https:\/\/tilefly.com\/fr\/wp-json\/wp\/v2\/product\/534676","targetHints":{"allow":["GET"]}}],"collection":[{"href":"https:\/\/tilefly.com\/fr\/wp-json\/wp\/v2\/product"}],"about":[{"href":"https:\/\/tilefly.com\/fr\/wp-json\/wp\/v2\/types\/product"}],"replies":[{"embeddable":true,"href":"https:\/\/tilefly.com\/fr\/wp-json\/wp\/v2\/comments?post=534676"}],"wp:featuredmedia":[{"embeddable":true,"href":"https:\/\/tilefly.com\/fr\/wp-json\/wp\/v2\/media\/520821"}],"wp:attachment":[{"href":"https:\/\/tilefly.com\/fr\/wp-json\/wp\/v2\/media?parent=534676"}],"wp:term":[{"taxonomy":"product_brand","embeddable":true,"href":"https:\/\/tilefly.com\/fr\/wp-json\/wp\/v2\/product_brand?post=534676"},{"taxonomy":"product_cat","embeddable":true,"href":"https:\/\/tilefly.com\/fr\/wp-json\/wp\/v2\/product_cat?post=534676"},{"taxonomy":"product_tag","embeddable":true,"href":"https:\/\/tilefly.com\/fr\/wp-json\/wp\/v2\/product_tag?post=534676"}],"curies":[{"name":"wp","href":"https:\/\/api.w.org\/{rel}","templated":true}]}}