{"id":534671,"date":"2023-01-09T13:06:13","date_gmt":"2023-01-09T12:06:13","guid":{"rendered":"https:\/\/tilefly.com\/producto\/ceppo-lap-rect-30x120\/"},"modified":"2024-08-13T15:29:29","modified_gmt":"2024-08-13T13:29:29","slug":"ceppo-lap-rect-30x120","status":"publish","type":"product","link":"https:\/\/tilefly.com\/fr\/produit\/ceppo-lap-rect-30x120\/","title":{"rendered":"CEPPO LAP RECT 30X120"},"content":{"rendered":"<h1><strong>Ceppo<\/strong><\/h1><p>&nbsp;<\/p><h4>Carreaux format 30X120 de la s\u00e9rie 4.STONES<\/h4><p>&nbsp;<\/p><h5>La modernit\u00e9 \u00e0 l&#8217;\u00e9tat pur<\/h5><p>&nbsp;  Le Ceppo di Gre est une roche typiquement italienne caract\u00e9ris\u00e9e par la pr\u00e9sence de gros galets incrust\u00e9s.<br \/>Son nom d\u00e9rive du mot Cepp qui, en dialecte milanais, signifie roche avec des galets.<br \/>Son graphisme plein de caract\u00e8re en a fait un mat\u00e9riau tr\u00e8s utilis\u00e9 en architecture.    <\/p><h2>S\u00e9rie 4 Pierres<\/h2><p>  Quatre propositions de pierres dans leur typologie originale pour garantir des reproductions authentiques de pierres naturelles en termes de couleur, de surface et de texture.<br \/>Chacune d&#8217;entre elles est con\u00e7ue pour s&#8217;int\u00e9grer dans n&#8217;importe quel environnement, qu&#8217;il soit public ou priv\u00e9, int\u00e9rieur ou ext\u00e9rieur.<br \/>Pour la d\u00e9coration, nous avons cr\u00e9\u00e9 sur chaque pierre une structure qui reproduit les anciens plans de coupe que le marbrier pla\u00e7ait sur les pi\u00e8ces dans l&#8217;atelier.<br \/>Original ou copie ?<br \/>Naturel ou num\u00e9rique ?<br \/>Cette collection de 4 pierres c\u00e9ramiques d\u00e9fie les limites de la fabrication.<br \/>Reproductions pleines d&#8217;authenticit\u00e9 et de saveur propre, <a href=\"https:\/\/tilefly.com\/?post_type=product&#038;p=519157\">4 Stones<\/a> est une nouvelle fa\u00e7on d&#8217;appr\u00e9hender le design, o\u00f9 qualit\u00e9, naturel et durabilit\u00e9 vont de pair.      <\/p>","protected":false},"excerpt":{"rendered":"<p>Ceppo&nbsp;Carreaux format 30X120 de la s\u00e9rie 4.STONES&nbsp;La modernit\u00e9 \u00e0 l&#8217;\u00e9tat pur&nbsp; Le Ceppo di Gre est une roche typiquement italienne caract\u00e9ris\u00e9e par la pr\u00e9sence de gros galets incrust\u00e9s.Son nom d\u00e9rive du mot Cepp qui, en dialecte milanais, signifie roche avec des galets.Son graphisme plein de caract\u00e8re en a fait un mat\u00e9riau tr\u00e8s utilis\u00e9 en architecture. [&hellip;]<\/p>\n","protected":false},"featured_media":520691,"comment_status":"open","ping_status":"closed","template":"","meta":[],"product_brand":[],"product_cat":[353,355,356,354],"product_tag":[],"class_list":{"0":"post-534671","1":"product","2":"type-product","3":"status-publish","4":"has-post-thumbnail","6":"product_cat-carrelage","7":"product_cat-cuisines","8":"product_cat-faiences","9":"product_cat-carrelage-salle-de-bain","11":"first","12":"outofstock","13":"shipping-taxable","14":"purchasable","15":"product-type-simple"},"_links":{"self":[{"href":"https:\/\/tilefly.com\/fr\/wp-json\/wp\/v2\/product\/534671","targetHints":{"allow":["GET"]}}],"collection":[{"href":"https:\/\/tilefly.com\/fr\/wp-json\/wp\/v2\/product"}],"about":[{"href":"https:\/\/tilefly.com\/fr\/wp-json\/wp\/v2\/types\/product"}],"replies":[{"embeddable":true,"href":"https:\/\/tilefly.com\/fr\/wp-json\/wp\/v2\/comments?post=534671"}],"wp:featuredmedia":[{"embeddable":true,"href":"https:\/\/tilefly.com\/fr\/wp-json\/wp\/v2\/media\/520691"}],"wp:attachment":[{"href":"https:\/\/tilefly.com\/fr\/wp-json\/wp\/v2\/media?parent=534671"}],"wp:term":[{"taxonomy":"product_brand","embeddable":true,"href":"https:\/\/tilefly.com\/fr\/wp-json\/wp\/v2\/product_brand?post=534671"},{"taxonomy":"product_cat","embeddable":true,"href":"https:\/\/tilefly.com\/fr\/wp-json\/wp\/v2\/product_cat?post=534671"},{"taxonomy":"product_tag","embeddable":true,"href":"https:\/\/tilefly.com\/fr\/wp-json\/wp\/v2\/product_tag?post=534671"}],"curies":[{"name":"wp","href":"https:\/\/api.w.org\/{rel}","templated":true}]}}