{"id":534661,"date":"2020-10-20T16:35:47","date_gmt":"2024-08-13T13:29:20","guid":{"rendered":"https:\/\/tilefly.com\/producto\/calacatta-gold-mat-rect-30x60\/"},"modified":"2024-08-13T15:29:20","modified_gmt":"2024-08-13T13:29:20","slug":"calacatta-gold-mat-rect-30x60","status":"publish","type":"product","link":"https:\/\/tilefly.com\/fr\/produit\/calacatta-gold-mat-rect-30x60\/","title":{"rendered":"CALACATTA GOLD MAT RECT 30X60"},"content":{"rendered":"<h1><strong>Carreaux en Gr\u00e8s c\u00e9rame CALACATTA GOLD MAT RECT 30X60<\/strong><\/h1><p>Ce carreau en gr\u00e8s c\u00e9rame de format cm, de finition mate et de couleur blanche est parfait pour votre int\u00e9rieur.<br \/>Son mat\u00e9riau de fabrication est la gr\u00e8s c\u00e9rame. <\/p><p>Particularit\u00e9s : Imitation marbre<\/p>","protected":false},"excerpt":{"rendered":"<p>Carreaux en Gr\u00e8s c\u00e9rame CALACATTA GOLD MAT RECT 30X60Ce carreau en gr\u00e8s c\u00e9rame de format cm, de finition mate et de couleur blanche est parfait pour votre int\u00e9rieur.Son mat\u00e9riau de fabrication est la gr\u00e8s c\u00e9rame. Particularit\u00e9s : Imitation marbre<\/p>\n","protected":false},"featured_media":140756,"comment_status":"closed","ping_status":"closed","template":"","meta":[],"product_brand":[],"product_cat":[353,357],"product_tag":[],"class_list":{"0":"post-534661","1":"product","2":"type-product","3":"status-publish","4":"has-post-thumbnail","6":"product_cat-carrelage","7":"product_cat-carrelage-salon","9":"first","10":"outofstock","11":"shipping-taxable","12":"purchasable","13":"product-type-simple"},"_links":{"self":[{"href":"https:\/\/tilefly.com\/fr\/wp-json\/wp\/v2\/product\/534661","targetHints":{"allow":["GET"]}}],"collection":[{"href":"https:\/\/tilefly.com\/fr\/wp-json\/wp\/v2\/product"}],"about":[{"href":"https:\/\/tilefly.com\/fr\/wp-json\/wp\/v2\/types\/product"}],"replies":[{"embeddable":true,"href":"https:\/\/tilefly.com\/fr\/wp-json\/wp\/v2\/comments?post=534661"}],"wp:featuredmedia":[{"embeddable":true,"href":"https:\/\/tilefly.com\/fr\/wp-json\/wp\/v2\/media\/140756"}],"wp:attachment":[{"href":"https:\/\/tilefly.com\/fr\/wp-json\/wp\/v2\/media?parent=534661"}],"wp:term":[{"taxonomy":"product_brand","embeddable":true,"href":"https:\/\/tilefly.com\/fr\/wp-json\/wp\/v2\/product_brand?post=534661"},{"taxonomy":"product_cat","embeddable":true,"href":"https:\/\/tilefly.com\/fr\/wp-json\/wp\/v2\/product_cat?post=534661"},{"taxonomy":"product_tag","embeddable":true,"href":"https:\/\/tilefly.com\/fr\/wp-json\/wp\/v2\/product_tag?post=534661"}],"curies":[{"name":"wp","href":"https:\/\/api.w.org\/{rel}","templated":true}]}}