{"id":534656,"date":"2020-10-20T16:13:25","date_gmt":"2024-08-13T13:29:15","guid":{"rendered":"https:\/\/tilefly.com\/producto\/alaska-mate-rect-30x60\/"},"modified":"2024-08-13T15:29:15","modified_gmt":"2024-08-13T13:29:15","slug":"alaska-mate-rect-30x60","status":"publish","type":"product","link":"https:\/\/tilefly.com\/fr\/produit\/alaska-mate-rect-30x60\/","title":{"rendered":"ALASKA MATE RECT 30X60"},"content":{"rendered":"<h1><strong>Gr\u00e8s c\u00e9rame ALASKA MATE RECT 30X60<\/strong><\/h1><p>Ce carreau en gr\u00e8s c\u00e9rame de format cm, de finition mate et de couleur blanche est parfait pour votre int\u00e9rieur.<br \/>Son mat\u00e9riau de fabrication est la gr\u00e8s c\u00e9rame. <\/p><p>Particularit\u00e9s : monocolore<\/p>","protected":false},"excerpt":{"rendered":"<p>Gr\u00e8s c\u00e9rame ALASKA MATE RECT 30X60Ce carreau en gr\u00e8s c\u00e9rame de format cm, de finition mate et de couleur blanche est parfait pour votre int\u00e9rieur.Son mat\u00e9riau de fabrication est la gr\u00e8s c\u00e9rame. Particularit\u00e9s : monocolore<\/p>\n","protected":false},"featured_media":140732,"comment_status":"closed","ping_status":"closed","template":"","meta":[],"product_brand":[],"product_cat":[353,355,356,354,357],"product_tag":[],"class_list":{"0":"post-534656","1":"product","2":"type-product","3":"status-publish","4":"has-post-thumbnail","6":"product_cat-carrelage","7":"product_cat-cuisines","8":"product_cat-faiences","9":"product_cat-carrelage-salle-de-bain","10":"product_cat-carrelage-salon","12":"first","13":"outofstock","14":"shipping-taxable","15":"purchasable","16":"product-type-simple"},"_links":{"self":[{"href":"https:\/\/tilefly.com\/fr\/wp-json\/wp\/v2\/product\/534656","targetHints":{"allow":["GET"]}}],"collection":[{"href":"https:\/\/tilefly.com\/fr\/wp-json\/wp\/v2\/product"}],"about":[{"href":"https:\/\/tilefly.com\/fr\/wp-json\/wp\/v2\/types\/product"}],"replies":[{"embeddable":true,"href":"https:\/\/tilefly.com\/fr\/wp-json\/wp\/v2\/comments?post=534656"}],"wp:featuredmedia":[{"embeddable":true,"href":"https:\/\/tilefly.com\/fr\/wp-json\/wp\/v2\/media\/140732"}],"wp:attachment":[{"href":"https:\/\/tilefly.com\/fr\/wp-json\/wp\/v2\/media?parent=534656"}],"wp:term":[{"taxonomy":"product_brand","embeddable":true,"href":"https:\/\/tilefly.com\/fr\/wp-json\/wp\/v2\/product_brand?post=534656"},{"taxonomy":"product_cat","embeddable":true,"href":"https:\/\/tilefly.com\/fr\/wp-json\/wp\/v2\/product_cat?post=534656"},{"taxonomy":"product_tag","embeddable":true,"href":"https:\/\/tilefly.com\/fr\/wp-json\/wp\/v2\/product_tag?post=534656"}],"curies":[{"name":"wp","href":"https:\/\/api.w.org\/{rel}","templated":true}]}}