{"id":534602,"date":"2019-09-13T13:09:24","date_gmt":"2024-08-13T13:28:39","guid":{"rendered":"https:\/\/tilefly.com\/producto\/glass-neutral-rect-35x100\/"},"modified":"2024-08-13T15:28:39","modified_gmt":"2024-08-13T13:28:39","slug":"glass-neutral-rect-35x100","status":"publish","type":"product","link":"https:\/\/tilefly.com\/fr\/produit\/glass-neutral-rect-35x100\/","title":{"rendered":"GLASS NEUTRAL RECT 35X100"},"content":{"rendered":"<h1><strong>Carreaux en p\u00e2te blanche VERRE NEUTRE RECT 35X100<\/strong><\/h1><p>Ce carreau en p\u00e2te blanche au format 35X100 cm, finition brillante et coloris bleu, gris est parfait pour votre int\u00e9rieur. Son mat\u00e9riau de fabrication est la p\u00e2te blanche.<\/p><p>Particularit\u00e9s : D\u00e9cor\u00e9, Effet m\u00e9tal<\/p>","protected":false},"excerpt":{"rendered":"<p>Carreaux en p\u00e2te blanche VERRE NEUTRE RECT 35X100Ce carreau en p\u00e2te blanche au format 35X100 cm, finition brillante et coloris bleu, gris est parfait pour votre int\u00e9rieur. Son mat\u00e9riau de fabrication est la p\u00e2te blanche.Particularit\u00e9s : D\u00e9cor\u00e9, Effet m\u00e9tal<\/p>\n","protected":false},"featured_media":534604,"comment_status":"closed","ping_status":"closed","template":"","meta":[],"product_brand":[],"product_cat":[355,356,354,357],"product_tag":[],"class_list":{"0":"post-534602","1":"product","2":"type-product","3":"status-publish","4":"has-post-thumbnail","6":"product_cat-cuisines","7":"product_cat-faiences","8":"product_cat-carrelage-salle-de-bain","9":"product_cat-carrelage-salon","11":"first","12":"outofstock","13":"shipping-taxable","14":"purchasable","15":"product-type-simple"},"_links":{"self":[{"href":"https:\/\/tilefly.com\/fr\/wp-json\/wp\/v2\/product\/534602","targetHints":{"allow":["GET"]}}],"collection":[{"href":"https:\/\/tilefly.com\/fr\/wp-json\/wp\/v2\/product"}],"about":[{"href":"https:\/\/tilefly.com\/fr\/wp-json\/wp\/v2\/types\/product"}],"replies":[{"embeddable":true,"href":"https:\/\/tilefly.com\/fr\/wp-json\/wp\/v2\/comments?post=534602"}],"wp:featuredmedia":[{"embeddable":true,"href":"https:\/\/tilefly.com\/fr\/wp-json\/wp\/v2\/media\/534604"}],"wp:attachment":[{"href":"https:\/\/tilefly.com\/fr\/wp-json\/wp\/v2\/media?parent=534602"}],"wp:term":[{"taxonomy":"product_brand","embeddable":true,"href":"https:\/\/tilefly.com\/fr\/wp-json\/wp\/v2\/product_brand?post=534602"},{"taxonomy":"product_cat","embeddable":true,"href":"https:\/\/tilefly.com\/fr\/wp-json\/wp\/v2\/product_cat?post=534602"},{"taxonomy":"product_tag","embeddable":true,"href":"https:\/\/tilefly.com\/fr\/wp-json\/wp\/v2\/product_tag?post=534602"}],"curies":[{"name":"wp","href":"https:\/\/api.w.org\/{rel}","templated":true}]}}