{"id":534590,"date":"2019-09-13T13:09:24","date_gmt":"2024-08-13T13:28:34","guid":{"rendered":"https:\/\/tilefly.com\/producto\/meteoris-graphite-rect-35x100\/"},"modified":"2024-08-13T15:28:34","modified_gmt":"2024-08-13T13:28:34","slug":"meteoris-graphite-rect-35x100","status":"publish","type":"product","link":"https:\/\/tilefly.com\/fr\/produit\/meteoris-graphite-rect-35x100\/","title":{"rendered":"METEORIS GRAPHITE RECT 35X100"},"content":{"rendered":"<h1><strong>Carreaux en p\u00e2te blanche METEORIS GRAPHITE RECT 35X100<\/strong><\/h1><p>Ce carrelage P\u00e2te blanche au format 35X100 cm, finition brillante et coloris Gris, Noir \/ Fonc\u00e9 est parfait pour votre int\u00e9rieur.<br \/>Son mat\u00e9riau de fabrication est la p\u00e2te blanche. <\/p><p>Particularit\u00e9s : D\u00e9cor\u00e9, Effet m\u00e9tal<\/p>","protected":false},"excerpt":{"rendered":"<p>Carreaux en p\u00e2te blanche METEORIS GRAPHITE RECT 35X100Ce carrelage P\u00e2te blanche au format 35X100 cm, finition brillante et coloris Gris, Noir \/ Fonc\u00e9 est parfait pour votre int\u00e9rieur.Son mat\u00e9riau de fabrication est la p\u00e2te blanche. Particularit\u00e9s : D\u00e9cor\u00e9, Effet m\u00e9tal<\/p>\n","protected":false},"featured_media":534592,"comment_status":"closed","ping_status":"closed","template":"","meta":[],"product_brand":[],"product_cat":[355,356,354,357],"product_tag":[],"class_list":{"0":"post-534590","1":"product","2":"type-product","3":"status-publish","4":"has-post-thumbnail","6":"product_cat-cuisines","7":"product_cat-faiences","8":"product_cat-carrelage-salle-de-bain","9":"product_cat-carrelage-salon","11":"first","12":"outofstock","13":"shipping-taxable","14":"purchasable","15":"product-type-simple"},"_links":{"self":[{"href":"https:\/\/tilefly.com\/fr\/wp-json\/wp\/v2\/product\/534590","targetHints":{"allow":["GET"]}}],"collection":[{"href":"https:\/\/tilefly.com\/fr\/wp-json\/wp\/v2\/product"}],"about":[{"href":"https:\/\/tilefly.com\/fr\/wp-json\/wp\/v2\/types\/product"}],"replies":[{"embeddable":true,"href":"https:\/\/tilefly.com\/fr\/wp-json\/wp\/v2\/comments?post=534590"}],"wp:featuredmedia":[{"embeddable":true,"href":"https:\/\/tilefly.com\/fr\/wp-json\/wp\/v2\/media\/534592"}],"wp:attachment":[{"href":"https:\/\/tilefly.com\/fr\/wp-json\/wp\/v2\/media?parent=534590"}],"wp:term":[{"taxonomy":"product_brand","embeddable":true,"href":"https:\/\/tilefly.com\/fr\/wp-json\/wp\/v2\/product_brand?post=534590"},{"taxonomy":"product_cat","embeddable":true,"href":"https:\/\/tilefly.com\/fr\/wp-json\/wp\/v2\/product_cat?post=534590"},{"taxonomy":"product_tag","embeddable":true,"href":"https:\/\/tilefly.com\/fr\/wp-json\/wp\/v2\/product_tag?post=534590"}],"curies":[{"name":"wp","href":"https:\/\/api.w.org\/{rel}","templated":true}]}}