{"id":534321,"date":"2019-09-13T12:36:03","date_gmt":"2019-09-13T10:36:03","guid":{"rendered":"https:\/\/tilefly.com\/producto\/work-b-taupe-rect-60x60\/"},"modified":"2024-08-13T15:25:37","modified_gmt":"2024-08-13T13:25:37","slug":"work-b-taupe-rect-60x60","status":"publish","type":"product","link":"https:\/\/tilefly.com\/fr\/produit\/work-b-taupe-rect-60x60\/","title":{"rendered":"WORK B TAUPE RECT, 60X60"},"content":{"rendered":"<h1><strong>Gr\u00e8s c\u00e9rame WORK B TAUPE RECT, 60X60<\/strong><\/h1><p>Ce carreau en gr\u00e8s c\u00e9rame au format 60X60 cm, de finition mate et de couleur gris, marron est parfait pour votre int\u00e9rieur. Son mat\u00e9riau de fabrication est le gr\u00e8s c\u00e9rame.<\/p><p>Particularit\u00e9s : Imitation ciment, P\u00e2te color\u00e9e<\/p>","protected":false},"excerpt":{"rendered":"<p>Gr\u00e8s c\u00e9rame WORK B TAUPE RECT, 60X60Ce carreau en gr\u00e8s c\u00e9rame au format 60X60 cm, de finition mate et de couleur gris, marron est parfait pour votre int\u00e9rieur. Son mat\u00e9riau de fabrication est le gr\u00e8s c\u00e9rame.Particularit\u00e9s : Imitation ciment, P\u00e2te color\u00e9e<\/p>\n","protected":false},"featured_media":63031,"comment_status":"closed","ping_status":"closed","template":"","meta":[],"product_brand":[],"product_cat":[353,355,356,354,357],"product_tag":[],"class_list":{"0":"post-534321","1":"product","2":"type-product","3":"status-publish","4":"has-post-thumbnail","6":"product_cat-carrelage","7":"product_cat-cuisines","8":"product_cat-faiences","9":"product_cat-carrelage-salle-de-bain","10":"product_cat-carrelage-salon","12":"first","13":"instock","14":"shipping-taxable","15":"purchasable","16":"product-type-simple"},"_links":{"self":[{"href":"https:\/\/tilefly.com\/fr\/wp-json\/wp\/v2\/product\/534321","targetHints":{"allow":["GET"]}}],"collection":[{"href":"https:\/\/tilefly.com\/fr\/wp-json\/wp\/v2\/product"}],"about":[{"href":"https:\/\/tilefly.com\/fr\/wp-json\/wp\/v2\/types\/product"}],"replies":[{"embeddable":true,"href":"https:\/\/tilefly.com\/fr\/wp-json\/wp\/v2\/comments?post=534321"}],"wp:featuredmedia":[{"embeddable":true,"href":"https:\/\/tilefly.com\/fr\/wp-json\/wp\/v2\/media\/63031"}],"wp:attachment":[{"href":"https:\/\/tilefly.com\/fr\/wp-json\/wp\/v2\/media?parent=534321"}],"wp:term":[{"taxonomy":"product_brand","embeddable":true,"href":"https:\/\/tilefly.com\/fr\/wp-json\/wp\/v2\/product_brand?post=534321"},{"taxonomy":"product_cat","embeddable":true,"href":"https:\/\/tilefly.com\/fr\/wp-json\/wp\/v2\/product_cat?post=534321"},{"taxonomy":"product_tag","embeddable":true,"href":"https:\/\/tilefly.com\/fr\/wp-json\/wp\/v2\/product_tag?post=534321"}],"curies":[{"name":"wp","href":"https:\/\/api.w.org\/{rel}","templated":true}]}}