{"id":534027,"date":"2020-10-09T15:43:41","date_gmt":"2024-08-13T13:22:33","guid":{"rendered":"https:\/\/tilefly.com\/producto\/plus-basilea-grey-c3-60x60-rect-20mm-antid-2out\/"},"modified":"2024-08-13T15:22:33","modified_gmt":"2024-08-13T13:22:33","slug":"plus-basilea-grey-c3-60x60-rect-20mm-antid-2out","status":"publish","type":"product","link":"https:\/\/tilefly.com\/fr\/produit\/plus-basilea-grey-c3-60x60-rect-20mm-antid-2out\/","title":{"rendered":"PLUS BASILEA GREY C3 60X60 RECT. (20MM) ANTID. 2OUT"},"content":{"rendered":"<p>Ce Carreaux de la s\u00e9rie PLUS BASILEA se distingue par son mat\u00e9riau en Porcelaine \u00e9maill\u00e9e qui est l&#8217;un des plus r\u00e9sistants du march\u00e9, il a une texture imitation ciment avec une finition mate en format 60X60 RECT. (20MM)<\/p>","protected":false},"excerpt":{"rendered":"<p>Ce Carreaux de la s\u00e9rie PLUS BASILEA se distingue par son mat\u00e9riau en Porcelaine \u00e9maill\u00e9e qui est l&#8217;un des plus r\u00e9sistants du march\u00e9, il a une texture imitation ciment avec une finition mate en format 60X60 RECT. (20MM)<\/p>\n","protected":false},"featured_media":534030,"comment_status":"open","ping_status":"closed","template":"","meta":[],"product_brand":[],"product_cat":[353,355,357],"product_tag":[],"class_list":{"0":"post-534027","1":"product","2":"type-product","3":"status-publish","4":"has-post-thumbnail","6":"product_cat-carrelage","7":"product_cat-cuisines","8":"product_cat-carrelage-salon","10":"first","11":"outofstock","12":"shipping-taxable","13":"purchasable","14":"product-type-simple"},"_links":{"self":[{"href":"https:\/\/tilefly.com\/fr\/wp-json\/wp\/v2\/product\/534027","targetHints":{"allow":["GET"]}}],"collection":[{"href":"https:\/\/tilefly.com\/fr\/wp-json\/wp\/v2\/product"}],"about":[{"href":"https:\/\/tilefly.com\/fr\/wp-json\/wp\/v2\/types\/product"}],"replies":[{"embeddable":true,"href":"https:\/\/tilefly.com\/fr\/wp-json\/wp\/v2\/comments?post=534027"}],"wp:featuredmedia":[{"embeddable":true,"href":"https:\/\/tilefly.com\/fr\/wp-json\/wp\/v2\/media\/534030"}],"wp:attachment":[{"href":"https:\/\/tilefly.com\/fr\/wp-json\/wp\/v2\/media?parent=534027"}],"wp:term":[{"taxonomy":"product_brand","embeddable":true,"href":"https:\/\/tilefly.com\/fr\/wp-json\/wp\/v2\/product_brand?post=534027"},{"taxonomy":"product_cat","embeddable":true,"href":"https:\/\/tilefly.com\/fr\/wp-json\/wp\/v2\/product_cat?post=534027"},{"taxonomy":"product_tag","embeddable":true,"href":"https:\/\/tilefly.com\/fr\/wp-json\/wp\/v2\/product_tag?post=534027"}],"curies":[{"name":"wp","href":"https:\/\/api.w.org\/{rel}","templated":true}]}}