{"id":533805,"date":"2020-10-09T14:01:01","date_gmt":"2024-08-13T13:20:35","guid":{"rendered":"https:\/\/tilefly.com\/producto\/caserta-antracita-60x60-inout\/"},"modified":"2024-08-13T15:20:35","modified_gmt":"2024-08-13T13:20:35","slug":"caserta-antracita-60x60-inout","status":"publish","type":"product","link":"https:\/\/tilefly.com\/fr\/produit\/caserta-antracita-60x60-inout\/","title":{"rendered":"CASERTA ANTRACITA 60X60 INOUT"},"content":{"rendered":"<p>Ce carreau de porcelaine de la s\u00e9rie CASERTA se distingue par son mat\u00e9riau en porcelaine \u00e9maill\u00e9e qui est l&#8217;un des plus r\u00e9sistants du march\u00e9. Il pr\u00e9sente une texture imitation pierre avec une finition mate en format 60X60.<\/p>","protected":false},"excerpt":{"rendered":"<p>Ce carreau de porcelaine de la s\u00e9rie CASERTA se distingue par son mat\u00e9riau en porcelaine \u00e9maill\u00e9e qui est l&#8217;un des plus r\u00e9sistants du march\u00e9. Il pr\u00e9sente une texture imitation pierre avec une finition mate en format 60X60.<\/p>\n","protected":false},"featured_media":533807,"comment_status":"open","ping_status":"closed","template":"","meta":[],"product_brand":[],"product_cat":[353,355,357],"product_tag":[],"class_list":{"0":"post-533805","1":"product","2":"type-product","3":"status-publish","4":"has-post-thumbnail","6":"product_cat-carrelage","7":"product_cat-cuisines","8":"product_cat-carrelage-salon","10":"first","11":"outofstock","12":"shipping-taxable","13":"purchasable","14":"product-type-simple"},"_links":{"self":[{"href":"https:\/\/tilefly.com\/fr\/wp-json\/wp\/v2\/product\/533805","targetHints":{"allow":["GET"]}}],"collection":[{"href":"https:\/\/tilefly.com\/fr\/wp-json\/wp\/v2\/product"}],"about":[{"href":"https:\/\/tilefly.com\/fr\/wp-json\/wp\/v2\/types\/product"}],"replies":[{"embeddable":true,"href":"https:\/\/tilefly.com\/fr\/wp-json\/wp\/v2\/comments?post=533805"}],"wp:featuredmedia":[{"embeddable":true,"href":"https:\/\/tilefly.com\/fr\/wp-json\/wp\/v2\/media\/533807"}],"wp:attachment":[{"href":"https:\/\/tilefly.com\/fr\/wp-json\/wp\/v2\/media?parent=533805"}],"wp:term":[{"taxonomy":"product_brand","embeddable":true,"href":"https:\/\/tilefly.com\/fr\/wp-json\/wp\/v2\/product_brand?post=533805"},{"taxonomy":"product_cat","embeddable":true,"href":"https:\/\/tilefly.com\/fr\/wp-json\/wp\/v2\/product_cat?post=533805"},{"taxonomy":"product_tag","embeddable":true,"href":"https:\/\/tilefly.com\/fr\/wp-json\/wp\/v2\/product_tag?post=533805"}],"curies":[{"name":"wp","href":"https:\/\/api.w.org\/{rel}","templated":true}]}}