{"id":533612,"date":"2020-09-08T15:10:44","date_gmt":"2024-08-13T13:18:17","guid":{"rendered":"https:\/\/tilefly.com\/producto\/majestic-bianco-pulido-60x60\/"},"modified":"2024-08-13T15:18:17","modified_gmt":"2024-08-13T13:18:17","slug":"majestic-bianco-pulido-60x60","status":"publish","type":"product","link":"https:\/\/tilefly.com\/fr\/produit\/majestic-bianco-pulido-60x60\/","title":{"rendered":"MAJESTIC BIANCO PULIDO 60X60"},"content":{"rendered":"<p>Gr\u00e8s c\u00e9rame \u00e9maill\u00e9 unicolore L\u00e9g\u00e8ret\u00e9 extr\u00eame et obscurit\u00e9 maximale.<br \/>C&#8217;est la s\u00e9rie Majestic et ses deux couleurs au contraste total.<br \/>L&#8217;achromatisme et la simplicit\u00e9 de cette s\u00e9rie en font sa principale caract\u00e9ristique, renfor\u00e7ant et donnant le r\u00f4le principal au blanc le plus lumineux et au noir le plus sombre.<br \/>Majestic renouvelle ainsi le concept d&#8217;\u00e9l\u00e9gance dans la d\u00e9coration d&#8217;int\u00e9rieur minimaliste.<br \/>Combin\u00e9es l&#8217;une \u00e0 l&#8217;autre, elles permettent d&#8217;obtenir des finitions visuellement \u00e9tonnantes et des designs inimaginables.<br \/>L&#8217;intensit\u00e9 des deux couleurs dans un m\u00eame espace donne une forte personnalit\u00e9 \u00e0 n&#8217;importe quelle pi\u00e8ce et peut \u00eatre utilis\u00e9e dans des cuisines modernes, des sols contemporains ou des salles de bains minimalistes.<br \/>Cette collection est \u00e9galement disponible en carreaux de grand format (120X120 et 90X180).      <\/p>","protected":false},"excerpt":{"rendered":"<p>Gr\u00e8s c\u00e9rame \u00e9maill\u00e9 unicolore L\u00e9g\u00e8ret\u00e9 extr\u00eame et obscurit\u00e9 maximale.C&#8217;est la s\u00e9rie Majestic et ses deux couleurs au contraste total.L&#8217;achromatisme et la simplicit\u00e9 de cette s\u00e9rie en font sa principale caract\u00e9ristique, renfor\u00e7ant et donnant le r\u00f4le principal au blanc le plus lumineux et au noir le plus sombre.Majestic renouvelle ainsi le concept d&#8217;\u00e9l\u00e9gance dans la d\u00e9coration [&hellip;]<\/p>\n","protected":false},"featured_media":82405,"comment_status":"open","ping_status":"closed","template":"","meta":[],"product_brand":[],"product_cat":[353,355,356,354],"product_tag":[],"class_list":{"0":"post-533612","1":"product","2":"type-product","3":"status-publish","4":"has-post-thumbnail","6":"product_cat-carrelage","7":"product_cat-cuisines","8":"product_cat-faiences","9":"product_cat-carrelage-salle-de-bain","11":"first","12":"outofstock","13":"shipping-taxable","14":"purchasable","15":"product-type-simple"},"_links":{"self":[{"href":"https:\/\/tilefly.com\/fr\/wp-json\/wp\/v2\/product\/533612","targetHints":{"allow":["GET"]}}],"collection":[{"href":"https:\/\/tilefly.com\/fr\/wp-json\/wp\/v2\/product"}],"about":[{"href":"https:\/\/tilefly.com\/fr\/wp-json\/wp\/v2\/types\/product"}],"replies":[{"embeddable":true,"href":"https:\/\/tilefly.com\/fr\/wp-json\/wp\/v2\/comments?post=533612"}],"wp:featuredmedia":[{"embeddable":true,"href":"https:\/\/tilefly.com\/fr\/wp-json\/wp\/v2\/media\/82405"}],"wp:attachment":[{"href":"https:\/\/tilefly.com\/fr\/wp-json\/wp\/v2\/media?parent=533612"}],"wp:term":[{"taxonomy":"product_brand","embeddable":true,"href":"https:\/\/tilefly.com\/fr\/wp-json\/wp\/v2\/product_brand?post=533612"},{"taxonomy":"product_cat","embeddable":true,"href":"https:\/\/tilefly.com\/fr\/wp-json\/wp\/v2\/product_cat?post=533612"},{"taxonomy":"product_tag","embeddable":true,"href":"https:\/\/tilefly.com\/fr\/wp-json\/wp\/v2\/product_tag?post=533612"}],"curies":[{"name":"wp","href":"https:\/\/api.w.org\/{rel}","templated":true}]}}