{"id":533606,"date":"2020-09-08T15:10:44","date_gmt":"2024-08-13T13:18:11","guid":{"rendered":"https:\/\/tilefly.com\/producto\/royal-black-pulido-60x60\/"},"modified":"2024-08-13T15:18:11","modified_gmt":"2024-08-13T13:18:11","slug":"royal-black-pulido-60x60","status":"publish","type":"product","link":"https:\/\/tilefly.com\/fr\/produit\/royal-black-pulido-60x60\/","title":{"rendered":"ROYAL BLACK PULIDO 60X60"},"content":{"rendered":"<p>Le gr\u00e8s c\u00e9rame Luxe, c&#8217;est la r\u00e9sistance et la richesse chromatique, une collection qui englobe des marbres extravagants aux finitions naturelles et polies, qui donnent une forte personnalit\u00e9 \u00e0 votre espace.<br \/>Une finition \u00e9l\u00e9gante et accrocheuse qui ne se d\u00e9mode jamais.  Ses 9 couleurs tendance sont un r\u00e9gal d\u00e9coratif qui apporte une grande continuit\u00e9 visuelle \u00e0 l&#8217;espace et sont \u00e9galement disponibles dans une vari\u00e9t\u00e9 de formats 60&#215;60, 60&#215;120, 80&#215;160.<\/p>","protected":false},"excerpt":{"rendered":"<p>Le gr\u00e8s c\u00e9rame Luxe, c&#8217;est la r\u00e9sistance et la richesse chromatique, une collection qui englobe des marbres extravagants aux finitions naturelles et polies, qui donnent une forte personnalit\u00e9 \u00e0 votre espace.Une finition \u00e9l\u00e9gante et accrocheuse qui ne se d\u00e9mode jamais. Ses 9 couleurs tendance sont un r\u00e9gal d\u00e9coratif qui apporte une grande continuit\u00e9 visuelle \u00e0 [&hellip;]<\/p>\n","protected":false},"featured_media":82387,"comment_status":"open","ping_status":"closed","template":"","meta":[],"product_brand":[],"product_cat":[353,355,356,354],"product_tag":[],"class_list":{"0":"post-533606","1":"product","2":"type-product","3":"status-publish","4":"has-post-thumbnail","6":"product_cat-carrelage","7":"product_cat-cuisines","8":"product_cat-faiences","9":"product_cat-carrelage-salle-de-bain","11":"first","12":"outofstock","13":"shipping-taxable","14":"purchasable","15":"product-type-simple"},"_links":{"self":[{"href":"https:\/\/tilefly.com\/fr\/wp-json\/wp\/v2\/product\/533606","targetHints":{"allow":["GET"]}}],"collection":[{"href":"https:\/\/tilefly.com\/fr\/wp-json\/wp\/v2\/product"}],"about":[{"href":"https:\/\/tilefly.com\/fr\/wp-json\/wp\/v2\/types\/product"}],"replies":[{"embeddable":true,"href":"https:\/\/tilefly.com\/fr\/wp-json\/wp\/v2\/comments?post=533606"}],"wp:featuredmedia":[{"embeddable":true,"href":"https:\/\/tilefly.com\/fr\/wp-json\/wp\/v2\/media\/82387"}],"wp:attachment":[{"href":"https:\/\/tilefly.com\/fr\/wp-json\/wp\/v2\/media?parent=533606"}],"wp:term":[{"taxonomy":"product_brand","embeddable":true,"href":"https:\/\/tilefly.com\/fr\/wp-json\/wp\/v2\/product_brand?post=533606"},{"taxonomy":"product_cat","embeddable":true,"href":"https:\/\/tilefly.com\/fr\/wp-json\/wp\/v2\/product_cat?post=533606"},{"taxonomy":"product_tag","embeddable":true,"href":"https:\/\/tilefly.com\/fr\/wp-json\/wp\/v2\/product_tag?post=533606"}],"curies":[{"name":"wp","href":"https:\/\/api.w.org\/{rel}","templated":true}]}}