{"id":533604,"date":"2020-09-08T15:10:44","date_gmt":"2024-08-13T13:18:10","guid":{"rendered":"https:\/\/tilefly.com\/producto\/loft-decor-hydraulic-grey-natural-60x60\/"},"modified":"2024-08-13T15:18:10","modified_gmt":"2024-08-13T13:18:10","slug":"loft-decor-hydraulic-grey-natural-60x60","status":"publish","type":"product","link":"https:\/\/tilefly.com\/fr\/produit\/loft-decor-hydraulic-grey-natural-60x60\/","title":{"rendered":"LOFT DECOR HYDRAULIC GREY NATURAL 60X60"},"content":{"rendered":"<p>Gr\u00e8s c\u00e9rame \u00e9maill\u00e9 en diff\u00e9rentes finitions S\u00e9rie qui recr\u00e9e le ciment naturel \u00e0 la recherche d&#8217;espaces d&#8217;inspiration industrielle et cosmopolite.<br \/>La s\u00e9rie Loft est un gr\u00e8s c\u00e9rame inspir\u00e9 du ciment qui donne \u00e0 l&#8217;espace o\u00f9 il est appliqu\u00e9 une finition industrielle et urbaine dans le plus pur style new-yorkais.<br \/>Cette s\u00e9rie est compos\u00e9e de cinq teintes, avec trois formats et trois finitions &#8211; naturelle, polie et lappato &#8211; pour chacune d&#8217;entre elles.<br \/>En outre, la s\u00e9rie est compl\u00e9t\u00e9e par trois solutions d\u00e9coratives de caract\u00e8re et d&#8217;identit\u00e9.<br \/>Pour toutes ces raisons, Loft est la collection en soi.<br \/>Ses nombreuses combinaisons et applications feront de l&#8217;espace dans lequel elles seront plac\u00e9es un lieu de design et de grande personnalit\u00e9.     <\/p>","protected":false},"excerpt":{"rendered":"<p>Gr\u00e8s c\u00e9rame \u00e9maill\u00e9 en diff\u00e9rentes finitions S\u00e9rie qui recr\u00e9e le ciment naturel \u00e0 la recherche d&#8217;espaces d&#8217;inspiration industrielle et cosmopolite.La s\u00e9rie Loft est un gr\u00e8s c\u00e9rame inspir\u00e9 du ciment qui donne \u00e0 l&#8217;espace o\u00f9 il est appliqu\u00e9 une finition industrielle et urbaine dans le plus pur style new-yorkais.Cette s\u00e9rie est compos\u00e9e de cinq teintes, avec [&hellip;]<\/p>\n","protected":false},"featured_media":82332,"comment_status":"open","ping_status":"closed","template":"","meta":[],"product_brand":[],"product_cat":[353,355,356,354],"product_tag":[],"class_list":{"0":"post-533604","1":"product","2":"type-product","3":"status-publish","4":"has-post-thumbnail","6":"product_cat-carrelage","7":"product_cat-cuisines","8":"product_cat-faiences","9":"product_cat-carrelage-salle-de-bain","11":"first","12":"outofstock","13":"shipping-taxable","14":"purchasable","15":"product-type-simple"},"_links":{"self":[{"href":"https:\/\/tilefly.com\/fr\/wp-json\/wp\/v2\/product\/533604","targetHints":{"allow":["GET"]}}],"collection":[{"href":"https:\/\/tilefly.com\/fr\/wp-json\/wp\/v2\/product"}],"about":[{"href":"https:\/\/tilefly.com\/fr\/wp-json\/wp\/v2\/types\/product"}],"replies":[{"embeddable":true,"href":"https:\/\/tilefly.com\/fr\/wp-json\/wp\/v2\/comments?post=533604"}],"wp:featuredmedia":[{"embeddable":true,"href":"https:\/\/tilefly.com\/fr\/wp-json\/wp\/v2\/media\/82332"}],"wp:attachment":[{"href":"https:\/\/tilefly.com\/fr\/wp-json\/wp\/v2\/media?parent=533604"}],"wp:term":[{"taxonomy":"product_brand","embeddable":true,"href":"https:\/\/tilefly.com\/fr\/wp-json\/wp\/v2\/product_brand?post=533604"},{"taxonomy":"product_cat","embeddable":true,"href":"https:\/\/tilefly.com\/fr\/wp-json\/wp\/v2\/product_cat?post=533604"},{"taxonomy":"product_tag","embeddable":true,"href":"https:\/\/tilefly.com\/fr\/wp-json\/wp\/v2\/product_tag?post=533604"}],"curies":[{"name":"wp","href":"https:\/\/api.w.org\/{rel}","templated":true}]}}