{"id":533487,"date":"2019-09-13T11:56:35","date_gmt":"2024-08-13T13:17:04","guid":{"rendered":"https:\/\/tilefly.com\/producto\/canada-nogal-15x90\/"},"modified":"2024-08-13T15:17:04","modified_gmt":"2024-08-13T13:17:04","slug":"canada-nogal-15x90","status":"publish","type":"product","link":"https:\/\/tilefly.com\/fr\/produit\/canada-nogal-15x90\/","title":{"rendered":"CANADA NOGAL 15X90"},"content":{"rendered":"<h1><strong>Carreaux en gr\u00e8s c\u00e9rame CANADA WALNUT 15X90<\/strong><\/h1><p>Ce carreau en gr\u00e8s c\u00e9rame de format 15X90 cm, de finition mate et de couleur marron est parfait pour votre int\u00e9rieur.<br \/>Son mat\u00e9riau de fabrication est la gr\u00e8s c\u00e9rame. <\/p><p>Particularit\u00e9s : Imitation bois<\/p>","protected":false},"excerpt":{"rendered":"<p>Carreaux en gr\u00e8s c\u00e9rame CANADA WALNUT 15X90Ce carreau en gr\u00e8s c\u00e9rame de format 15X90 cm, de finition mate et de couleur marron est parfait pour votre int\u00e9rieur.Son mat\u00e9riau de fabrication est la gr\u00e8s c\u00e9rame. Particularit\u00e9s : Imitation bois<\/p>\n","protected":false},"featured_media":533488,"comment_status":"closed","ping_status":"closed","template":"","meta":[],"product_brand":[],"product_cat":[353,355,356,354,357],"product_tag":[],"class_list":{"0":"post-533487","1":"product","2":"type-product","3":"status-publish","4":"has-post-thumbnail","6":"product_cat-carrelage","7":"product_cat-cuisines","8":"product_cat-faiences","9":"product_cat-carrelage-salle-de-bain","10":"product_cat-carrelage-salon","12":"first","13":"outofstock","14":"shipping-taxable","15":"purchasable","16":"product-type-simple"},"_links":{"self":[{"href":"https:\/\/tilefly.com\/fr\/wp-json\/wp\/v2\/product\/533487","targetHints":{"allow":["GET"]}}],"collection":[{"href":"https:\/\/tilefly.com\/fr\/wp-json\/wp\/v2\/product"}],"about":[{"href":"https:\/\/tilefly.com\/fr\/wp-json\/wp\/v2\/types\/product"}],"replies":[{"embeddable":true,"href":"https:\/\/tilefly.com\/fr\/wp-json\/wp\/v2\/comments?post=533487"}],"wp:featuredmedia":[{"embeddable":true,"href":"https:\/\/tilefly.com\/fr\/wp-json\/wp\/v2\/media\/533488"}],"wp:attachment":[{"href":"https:\/\/tilefly.com\/fr\/wp-json\/wp\/v2\/media?parent=533487"}],"wp:term":[{"taxonomy":"product_brand","embeddable":true,"href":"https:\/\/tilefly.com\/fr\/wp-json\/wp\/v2\/product_brand?post=533487"},{"taxonomy":"product_cat","embeddable":true,"href":"https:\/\/tilefly.com\/fr\/wp-json\/wp\/v2\/product_cat?post=533487"},{"taxonomy":"product_tag","embeddable":true,"href":"https:\/\/tilefly.com\/fr\/wp-json\/wp\/v2\/product_tag?post=533487"}],"curies":[{"name":"wp","href":"https:\/\/api.w.org\/{rel}","templated":true}]}}