{"id":533420,"date":"2020-10-19T07:47:28","date_gmt":"2024-08-13T13:16:31","guid":{"rendered":"https:\/\/tilefly.com\/producto\/selene-sky-60x60\/"},"modified":"2024-08-13T15:16:31","modified_gmt":"2024-08-13T13:16:31","slug":"selene-sky-60x60","status":"publish","type":"product","link":"https:\/\/tilefly.com\/fr\/produit\/selene-sky-60x60\/","title":{"rendered":"SELENE SKY 60X60"},"content":{"rendered":"<h1><strong>Carreaux en gr\u00e8s c\u00e9rame SELENE SKY 60X60<\/strong><\/h1><p>Ce carreau en gr\u00e8s c\u00e9rame au format cm, \u00e0 la finition satin\u00e9e et \u00e0 la couleur bleue est parfait pour votre int\u00e9rieur. Son mat\u00e9riau de fabrication est le gr\u00e8s c\u00e9rame.<\/p><p>Particularit\u00e9s : imitation de ciment<\/p>","protected":false},"excerpt":{"rendered":"<p>Carreaux en gr\u00e8s c\u00e9rame SELENE SKY 60X60Ce carreau en gr\u00e8s c\u00e9rame au format cm, \u00e0 la finition satin\u00e9e et \u00e0 la couleur bleue est parfait pour votre int\u00e9rieur. Son mat\u00e9riau de fabrication est le gr\u00e8s c\u00e9rame.Particularit\u00e9s : imitation de ciment<\/p>\n","protected":false},"featured_media":135457,"comment_status":"open","ping_status":"closed","template":"","meta":[],"product_brand":[],"product_cat":[353,357],"product_tag":[],"class_list":{"0":"post-533420","1":"product","2":"type-product","3":"status-publish","4":"has-post-thumbnail","6":"product_cat-carrelage","7":"product_cat-carrelage-salon","9":"first","10":"instock","11":"shipping-taxable","12":"purchasable","13":"product-type-simple"},"_links":{"self":[{"href":"https:\/\/tilefly.com\/fr\/wp-json\/wp\/v2\/product\/533420","targetHints":{"allow":["GET"]}}],"collection":[{"href":"https:\/\/tilefly.com\/fr\/wp-json\/wp\/v2\/product"}],"about":[{"href":"https:\/\/tilefly.com\/fr\/wp-json\/wp\/v2\/types\/product"}],"replies":[{"embeddable":true,"href":"https:\/\/tilefly.com\/fr\/wp-json\/wp\/v2\/comments?post=533420"}],"wp:featuredmedia":[{"embeddable":true,"href":"https:\/\/tilefly.com\/fr\/wp-json\/wp\/v2\/media\/135457"}],"wp:attachment":[{"href":"https:\/\/tilefly.com\/fr\/wp-json\/wp\/v2\/media?parent=533420"}],"wp:term":[{"taxonomy":"product_brand","embeddable":true,"href":"https:\/\/tilefly.com\/fr\/wp-json\/wp\/v2\/product_brand?post=533420"},{"taxonomy":"product_cat","embeddable":true,"href":"https:\/\/tilefly.com\/fr\/wp-json\/wp\/v2\/product_cat?post=533420"},{"taxonomy":"product_tag","embeddable":true,"href":"https:\/\/tilefly.com\/fr\/wp-json\/wp\/v2\/product_tag?post=533420"}],"curies":[{"name":"wp","href":"https:\/\/api.w.org\/{rel}","templated":true}]}}