{"id":533360,"date":"2020-10-18T23:58:16","date_gmt":"2024-08-13T13:16:12","guid":{"rendered":"https:\/\/tilefly.com\/producto\/mezzo-rec-60x60\/"},"modified":"2024-08-13T15:16:12","modified_gmt":"2024-08-13T13:16:12","slug":"mezzo-rec-60x60","status":"publish","type":"product","link":"https:\/\/tilefly.com\/fr\/produit\/mezzo-rec-60x60\/","title":{"rendered":"MEZZO REC 60X60"},"content":{"rendered":"<p>\u00c9l\u00e9gant gr\u00e8s c\u00e9rame rectifi\u00e9 60&#215;60 \u00e0 l&#8217;aspect du marbre NOIR IMP\u00c9RIAL, dans une agr\u00e9able tonalit\u00e9 cr\u00e8me brillante.<br \/>Se combine avec la s\u00e9rie IMPERIALE. <\/p>","protected":false},"excerpt":{"rendered":"<p>\u00c9l\u00e9gant gr\u00e8s c\u00e9rame rectifi\u00e9 60&#215;60 \u00e0 l&#8217;aspect du marbre NOIR IMP\u00c9RIAL, dans une agr\u00e9able tonalit\u00e9 cr\u00e8me brillante.Se combine avec la s\u00e9rie IMPERIALE.<\/p>\n","protected":false},"featured_media":533362,"comment_status":"open","ping_status":"closed","template":"","meta":[],"product_brand":[],"product_cat":[353,357],"product_tag":[],"class_list":{"0":"post-533360","1":"product","2":"type-product","3":"status-publish","4":"has-post-thumbnail","6":"product_cat-carrelage","7":"product_cat-carrelage-salon","9":"first","10":"outofstock","11":"shipping-taxable","12":"purchasable","13":"product-type-simple"},"_links":{"self":[{"href":"https:\/\/tilefly.com\/fr\/wp-json\/wp\/v2\/product\/533360","targetHints":{"allow":["GET"]}}],"collection":[{"href":"https:\/\/tilefly.com\/fr\/wp-json\/wp\/v2\/product"}],"about":[{"href":"https:\/\/tilefly.com\/fr\/wp-json\/wp\/v2\/types\/product"}],"replies":[{"embeddable":true,"href":"https:\/\/tilefly.com\/fr\/wp-json\/wp\/v2\/comments?post=533360"}],"wp:featuredmedia":[{"embeddable":true,"href":"https:\/\/tilefly.com\/fr\/wp-json\/wp\/v2\/media\/533362"}],"wp:attachment":[{"href":"https:\/\/tilefly.com\/fr\/wp-json\/wp\/v2\/media?parent=533360"}],"wp:term":[{"taxonomy":"product_brand","embeddable":true,"href":"https:\/\/tilefly.com\/fr\/wp-json\/wp\/v2\/product_brand?post=533360"},{"taxonomy":"product_cat","embeddable":true,"href":"https:\/\/tilefly.com\/fr\/wp-json\/wp\/v2\/product_cat?post=533360"},{"taxonomy":"product_tag","embeddable":true,"href":"https:\/\/tilefly.com\/fr\/wp-json\/wp\/v2\/product_tag?post=533360"}],"curies":[{"name":"wp","href":"https:\/\/api.w.org\/{rel}","templated":true}]}}