{"id":533293,"date":"2020-10-14T22:46:14","date_gmt":"2024-08-13T13:15:35","guid":{"rendered":"https:\/\/tilefly.com\/producto\/diurne-grey-rec-60x60\/"},"modified":"2024-08-13T15:15:35","modified_gmt":"2024-08-13T13:15:35","slug":"diurne-grey-rec-60x60","status":"publish","type":"product","link":"https:\/\/tilefly.com\/fr\/produit\/diurne-grey-rec-60x60\/","title":{"rendered":"DIURNE GREY REC 60X60"},"content":{"rendered":"<p>Gr\u00e8s c\u00e9rame design, bas\u00e9 sur la fusion de ciment vieilli avec des effets rouill\u00e9s et de petites pierres qui lui donnent de la personnalit\u00e9.<br \/>Ce carreau rectifi\u00e9 est une option tr\u00e8s int\u00e9ressante pour les pi\u00e8ces qui ont de la personnalit\u00e9.<br \/>Gr\u00e2ce \u00e0 sa glissance de classe 2, il convient aux terrasses, aux patios et aux lieux publics.<br \/>Disponible dans une gamme de beige, SAND ou de gris, GREY.   <\/p>","protected":false},"excerpt":{"rendered":"<p>Gr\u00e8s c\u00e9rame design, bas\u00e9 sur la fusion de ciment vieilli avec des effets rouill\u00e9s et de petites pierres qui lui donnent de la personnalit\u00e9.Ce carreau rectifi\u00e9 est une option tr\u00e8s int\u00e9ressante pour les pi\u00e8ces qui ont de la personnalit\u00e9.Gr\u00e2ce \u00e0 sa glissance de classe 2, il convient aux terrasses, aux patios et aux lieux publics.Disponible [&hellip;]<\/p>\n","protected":false},"featured_media":533294,"comment_status":"open","ping_status":"closed","template":"","meta":[],"product_brand":[],"product_cat":[353,357],"product_tag":[],"class_list":{"0":"post-533293","1":"product","2":"type-product","3":"status-publish","4":"has-post-thumbnail","6":"product_cat-carrelage","7":"product_cat-carrelage-salon","9":"first","10":"outofstock","11":"shipping-taxable","12":"purchasable","13":"product-type-simple"},"_links":{"self":[{"href":"https:\/\/tilefly.com\/fr\/wp-json\/wp\/v2\/product\/533293","targetHints":{"allow":["GET"]}}],"collection":[{"href":"https:\/\/tilefly.com\/fr\/wp-json\/wp\/v2\/product"}],"about":[{"href":"https:\/\/tilefly.com\/fr\/wp-json\/wp\/v2\/types\/product"}],"replies":[{"embeddable":true,"href":"https:\/\/tilefly.com\/fr\/wp-json\/wp\/v2\/comments?post=533293"}],"wp:featuredmedia":[{"embeddable":true,"href":"https:\/\/tilefly.com\/fr\/wp-json\/wp\/v2\/media\/533294"}],"wp:attachment":[{"href":"https:\/\/tilefly.com\/fr\/wp-json\/wp\/v2\/media?parent=533293"}],"wp:term":[{"taxonomy":"product_brand","embeddable":true,"href":"https:\/\/tilefly.com\/fr\/wp-json\/wp\/v2\/product_brand?post=533293"},{"taxonomy":"product_cat","embeddable":true,"href":"https:\/\/tilefly.com\/fr\/wp-json\/wp\/v2\/product_cat?post=533293"},{"taxonomy":"product_tag","embeddable":true,"href":"https:\/\/tilefly.com\/fr\/wp-json\/wp\/v2\/product_tag?post=533293"}],"curies":[{"name":"wp","href":"https:\/\/api.w.org\/{rel}","templated":true}]}}