{"id":533263,"date":"2020-10-14T22:46:14","date_gmt":"2024-08-13T13:15:25","guid":{"rendered":"https:\/\/tilefly.com\/producto\/cimento-rec-60x60\/"},"modified":"2024-08-13T15:15:25","modified_gmt":"2024-08-13T13:15:25","slug":"cimento-rec-60x60","status":"publish","type":"product","link":"https:\/\/tilefly.com\/fr\/produit\/cimento-rec-60x60\/","title":{"rendered":"CIMENTO REC 60X60"},"content":{"rendered":"<p>Carreaux de sol en gr\u00e8s c\u00e9rame rectifi\u00e9 de 60&#215;60, modernes et originaux, avec une texture ciment et un graphisme doux qui \u00e9voque les n\u0153uds du bois.<br \/>A combiner avec la s\u00e9rie de Fa\u00efences murales NOVA. <\/p>","protected":false},"excerpt":{"rendered":"<p>Carreaux de sol en gr\u00e8s c\u00e9rame rectifi\u00e9 de 60&#215;60, modernes et originaux, avec une texture ciment et un graphisme doux qui \u00e9voque les n\u0153uds du bois.A combiner avec la s\u00e9rie de Fa\u00efences murales NOVA.<\/p>\n","protected":false},"featured_media":533264,"comment_status":"open","ping_status":"closed","template":"","meta":[],"product_brand":[],"product_cat":[353,357],"product_tag":[],"class_list":{"0":"post-533263","1":"product","2":"type-product","3":"status-publish","4":"has-post-thumbnail","6":"product_cat-carrelage","7":"product_cat-carrelage-salon","9":"first","10":"outofstock","11":"shipping-taxable","12":"purchasable","13":"product-type-simple"},"_links":{"self":[{"href":"https:\/\/tilefly.com\/fr\/wp-json\/wp\/v2\/product\/533263","targetHints":{"allow":["GET"]}}],"collection":[{"href":"https:\/\/tilefly.com\/fr\/wp-json\/wp\/v2\/product"}],"about":[{"href":"https:\/\/tilefly.com\/fr\/wp-json\/wp\/v2\/types\/product"}],"replies":[{"embeddable":true,"href":"https:\/\/tilefly.com\/fr\/wp-json\/wp\/v2\/comments?post=533263"}],"wp:featuredmedia":[{"embeddable":true,"href":"https:\/\/tilefly.com\/fr\/wp-json\/wp\/v2\/media\/533264"}],"wp:attachment":[{"href":"https:\/\/tilefly.com\/fr\/wp-json\/wp\/v2\/media?parent=533263"}],"wp:term":[{"taxonomy":"product_brand","embeddable":true,"href":"https:\/\/tilefly.com\/fr\/wp-json\/wp\/v2\/product_brand?post=533263"},{"taxonomy":"product_cat","embeddable":true,"href":"https:\/\/tilefly.com\/fr\/wp-json\/wp\/v2\/product_cat?post=533263"},{"taxonomy":"product_tag","embeddable":true,"href":"https:\/\/tilefly.com\/fr\/wp-json\/wp\/v2\/product_tag?post=533263"}],"curies":[{"name":"wp","href":"https:\/\/api.w.org\/{rel}","templated":true}]}}