{"id":533230,"date":"2020-10-14T22:46:14","date_gmt":"2024-08-13T13:15:12","guid":{"rendered":"https:\/\/tilefly.com\/producto\/bella-lux-60x60\/"},"modified":"2024-08-13T15:15:12","modified_gmt":"2024-08-13T13:15:12","slug":"bella-lux-60x60","status":"publish","type":"product","link":"https:\/\/tilefly.com\/fr\/produit\/bella-lux-60x60\/","title":{"rendered":"BELLA LUX 60X60"},"content":{"rendered":"<p>D\u00e9coration de sol 60&#215;60 avec des applications mates, brillantes et dor\u00e9es qui forment des lignes pour cr\u00e9er diff\u00e9rents motifs.<br \/>A combiner avec la s\u00e9rie Calacatta Lux. <\/p>","protected":false},"excerpt":{"rendered":"<p>D\u00e9coration de sol 60&#215;60 avec des applications mates, brillantes et dor\u00e9es qui forment des lignes pour cr\u00e9er diff\u00e9rents motifs.A combiner avec la s\u00e9rie Calacatta Lux.<\/p>\n","protected":false},"featured_media":533234,"comment_status":"open","ping_status":"closed","template":"","meta":[],"product_brand":[],"product_cat":[355,356,354],"product_tag":[],"class_list":{"0":"post-533230","1":"product","2":"type-product","3":"status-publish","4":"has-post-thumbnail","6":"product_cat-cuisines","7":"product_cat-faiences","8":"product_cat-carrelage-salle-de-bain","10":"first","11":"outofstock","12":"shipping-taxable","13":"purchasable","14":"product-type-simple"},"_links":{"self":[{"href":"https:\/\/tilefly.com\/fr\/wp-json\/wp\/v2\/product\/533230","targetHints":{"allow":["GET"]}}],"collection":[{"href":"https:\/\/tilefly.com\/fr\/wp-json\/wp\/v2\/product"}],"about":[{"href":"https:\/\/tilefly.com\/fr\/wp-json\/wp\/v2\/types\/product"}],"replies":[{"embeddable":true,"href":"https:\/\/tilefly.com\/fr\/wp-json\/wp\/v2\/comments?post=533230"}],"wp:featuredmedia":[{"embeddable":true,"href":"https:\/\/tilefly.com\/fr\/wp-json\/wp\/v2\/media\/533234"}],"wp:attachment":[{"href":"https:\/\/tilefly.com\/fr\/wp-json\/wp\/v2\/media?parent=533230"}],"wp:term":[{"taxonomy":"product_brand","embeddable":true,"href":"https:\/\/tilefly.com\/fr\/wp-json\/wp\/v2\/product_brand?post=533230"},{"taxonomy":"product_cat","embeddable":true,"href":"https:\/\/tilefly.com\/fr\/wp-json\/wp\/v2\/product_cat?post=533230"},{"taxonomy":"product_tag","embeddable":true,"href":"https:\/\/tilefly.com\/fr\/wp-json\/wp\/v2\/product_tag?post=533230"}],"curies":[{"name":"wp","href":"https:\/\/api.w.org\/{rel}","templated":true}]}}