{"id":533093,"date":"2020-10-09T16:05:16","date_gmt":"2020-10-09T14:05:16","guid":{"rendered":"https:\/\/tilefly.com\/producto\/slim-durham-beige-mt-60x60-8-5mm\/"},"modified":"2024-08-13T15:14:08","modified_gmt":"2024-08-13T13:14:08","slug":"slim-durham-beige-mt-60x60-8-5mm","status":"publish","type":"product","link":"https:\/\/tilefly.com\/fr\/produit\/slim-durham-beige-mt-60x60-8-5mm\/","title":{"rendered":"SLIM DURHAM BEIGE MT 60X60 (8.5MM)"},"content":{"rendered":"<p>Ce Carreaux en Porcelaine de la s\u00e9rie SLIM DURHAM se distingue par son mat\u00e9riau Porcelaine Emaill\u00e9e qui est l&#8217;un des plus r\u00e9sistants du march\u00e9, il a une texture Imitation Pierre avec une finition Matte en format 60X60 (8.5MM).<\/p>","protected":false},"excerpt":{"rendered":"<p>Ce Carreaux en Porcelaine de la s\u00e9rie SLIM DURHAM se distingue par son mat\u00e9riau Porcelaine Emaill\u00e9e qui est l&#8217;un des plus r\u00e9sistants du march\u00e9, il a une texture Imitation Pierre avec une finition Matte en format 60X60 (8.5MM).<\/p>\n","protected":false},"featured_media":533094,"comment_status":"open","ping_status":"closed","template":"","meta":[],"product_brand":[],"product_cat":[353,355,357],"product_tag":[],"class_list":{"0":"post-533093","1":"product","2":"type-product","3":"status-publish","4":"has-post-thumbnail","6":"product_cat-carrelage","7":"product_cat-cuisines","8":"product_cat-carrelage-salon","10":"first","11":"outofstock","12":"shipping-taxable","13":"purchasable","14":"product-type-simple"},"_links":{"self":[{"href":"https:\/\/tilefly.com\/fr\/wp-json\/wp\/v2\/product\/533093","targetHints":{"allow":["GET"]}}],"collection":[{"href":"https:\/\/tilefly.com\/fr\/wp-json\/wp\/v2\/product"}],"about":[{"href":"https:\/\/tilefly.com\/fr\/wp-json\/wp\/v2\/types\/product"}],"replies":[{"embeddable":true,"href":"https:\/\/tilefly.com\/fr\/wp-json\/wp\/v2\/comments?post=533093"}],"wp:featuredmedia":[{"embeddable":true,"href":"https:\/\/tilefly.com\/fr\/wp-json\/wp\/v2\/media\/533094"}],"wp:attachment":[{"href":"https:\/\/tilefly.com\/fr\/wp-json\/wp\/v2\/media?parent=533093"}],"wp:term":[{"taxonomy":"product_brand","embeddable":true,"href":"https:\/\/tilefly.com\/fr\/wp-json\/wp\/v2\/product_brand?post=533093"},{"taxonomy":"product_cat","embeddable":true,"href":"https:\/\/tilefly.com\/fr\/wp-json\/wp\/v2\/product_cat?post=533093"},{"taxonomy":"product_tag","embeddable":true,"href":"https:\/\/tilefly.com\/fr\/wp-json\/wp\/v2\/product_tag?post=533093"}],"curies":[{"name":"wp","href":"https:\/\/api.w.org\/{rel}","templated":true}]}}