{"id":532829,"date":"2020-10-09T16:53:19","date_gmt":"2020-10-09T14:53:19","guid":{"rendered":"https:\/\/tilefly.com\/producto\/woodville-natural-15x90\/"},"modified":"2024-08-13T15:11:39","modified_gmt":"2024-08-13T13:11:39","slug":"woodville-natural-15x90","status":"publish","type":"product","link":"https:\/\/tilefly.com\/fr\/produit\/woodville-natural-15x90\/","title":{"rendered":"WOODVILLE NATURAL 15X90"},"content":{"rendered":"<p>Ce Carreaux en Porcelaine de la s\u00e9rie WOODVILLE se distingue par son mat\u00e9riau Porcelaine Emaill\u00e9e \u00e9tant l&#8217;un des plus r\u00e9sistants du march\u00e9, il a une texture Imitation bois avec une finition Matte en format 15X90.<\/p>","protected":false},"excerpt":{"rendered":"<p>Ce Carreaux en Porcelaine de la s\u00e9rie WOODVILLE se distingue par son mat\u00e9riau Porcelaine Emaill\u00e9e \u00e9tant l&#8217;un des plus r\u00e9sistants du march\u00e9, il a une texture Imitation bois avec une finition Matte en format 15X90.<\/p>\n","protected":false},"featured_media":532831,"comment_status":"open","ping_status":"closed","template":"","meta":[],"product_brand":[],"product_cat":[353,355,357],"product_tag":[],"class_list":{"0":"post-532829","1":"product","2":"type-product","3":"status-publish","4":"has-post-thumbnail","6":"product_cat-carrelage","7":"product_cat-cuisines","8":"product_cat-carrelage-salon","10":"first","11":"instock","12":"shipping-taxable","13":"purchasable","14":"product-type-simple"},"_links":{"self":[{"href":"https:\/\/tilefly.com\/fr\/wp-json\/wp\/v2\/product\/532829","targetHints":{"allow":["GET"]}}],"collection":[{"href":"https:\/\/tilefly.com\/fr\/wp-json\/wp\/v2\/product"}],"about":[{"href":"https:\/\/tilefly.com\/fr\/wp-json\/wp\/v2\/types\/product"}],"replies":[{"embeddable":true,"href":"https:\/\/tilefly.com\/fr\/wp-json\/wp\/v2\/comments?post=532829"}],"wp:featuredmedia":[{"embeddable":true,"href":"https:\/\/tilefly.com\/fr\/wp-json\/wp\/v2\/media\/532831"}],"wp:attachment":[{"href":"https:\/\/tilefly.com\/fr\/wp-json\/wp\/v2\/media?parent=532829"}],"wp:term":[{"taxonomy":"product_brand","embeddable":true,"href":"https:\/\/tilefly.com\/fr\/wp-json\/wp\/v2\/product_brand?post=532829"},{"taxonomy":"product_cat","embeddable":true,"href":"https:\/\/tilefly.com\/fr\/wp-json\/wp\/v2\/product_cat?post=532829"},{"taxonomy":"product_tag","embeddable":true,"href":"https:\/\/tilefly.com\/fr\/wp-json\/wp\/v2\/product_tag?post=532829"}],"curies":[{"name":"wp","href":"https:\/\/api.w.org\/{rel}","templated":true}]}}