{"id":532750,"date":"2020-10-09T16:17:34","date_gmt":"2020-10-09T14:17:34","guid":{"rendered":"https:\/\/tilefly.com\/producto\/tacora-camel-mt-15x90-inout\/"},"modified":"2024-08-13T15:11:01","modified_gmt":"2024-08-13T13:11:01","slug":"tacora-camel-mt-15x90-inout","status":"publish","type":"product","link":"https:\/\/tilefly.com\/fr\/produit\/tacora-camel-mt-15x90-inout\/","title":{"rendered":"TACORA CAMEL MT 15X90 INOUT"},"content":{"rendered":"<p>Ce Carreaux en Porcelaine de la s\u00e9rie TACORA se distingue par son mat\u00e9riau en Porcelaine \u00e9maill\u00e9e qui est l&#8217;un des plus r\u00e9sistants du march\u00e9, il a une texture Imitation bois avec une finition Matte en format 15X90.<\/p>","protected":false},"excerpt":{"rendered":"<p>Ce Carreaux en Porcelaine de la s\u00e9rie TACORA se distingue par son mat\u00e9riau en Porcelaine \u00e9maill\u00e9e qui est l&#8217;un des plus r\u00e9sistants du march\u00e9, il a une texture Imitation bois avec une finition Matte en format 15X90.<\/p>\n","protected":false},"featured_media":108868,"comment_status":"open","ping_status":"closed","template":"","meta":[],"product_brand":[],"product_cat":[353,355,357],"product_tag":[],"class_list":{"0":"post-532750","1":"product","2":"type-product","3":"status-publish","4":"has-post-thumbnail","6":"product_cat-carrelage","7":"product_cat-cuisines","8":"product_cat-carrelage-salon","10":"first","11":"outofstock","12":"shipping-taxable","13":"purchasable","14":"product-type-simple"},"_links":{"self":[{"href":"https:\/\/tilefly.com\/fr\/wp-json\/wp\/v2\/product\/532750","targetHints":{"allow":["GET"]}}],"collection":[{"href":"https:\/\/tilefly.com\/fr\/wp-json\/wp\/v2\/product"}],"about":[{"href":"https:\/\/tilefly.com\/fr\/wp-json\/wp\/v2\/types\/product"}],"replies":[{"embeddable":true,"href":"https:\/\/tilefly.com\/fr\/wp-json\/wp\/v2\/comments?post=532750"}],"wp:featuredmedia":[{"embeddable":true,"href":"https:\/\/tilefly.com\/fr\/wp-json\/wp\/v2\/media\/108868"}],"wp:attachment":[{"href":"https:\/\/tilefly.com\/fr\/wp-json\/wp\/v2\/media?parent=532750"}],"wp:term":[{"taxonomy":"product_brand","embeddable":true,"href":"https:\/\/tilefly.com\/fr\/wp-json\/wp\/v2\/product_brand?post=532750"},{"taxonomy":"product_cat","embeddable":true,"href":"https:\/\/tilefly.com\/fr\/wp-json\/wp\/v2\/product_cat?post=532750"},{"taxonomy":"product_tag","embeddable":true,"href":"https:\/\/tilefly.com\/fr\/wp-json\/wp\/v2\/product_tag?post=532750"}],"curies":[{"name":"wp","href":"https:\/\/api.w.org\/{rel}","templated":true}]}}