{"id":532463,"date":"2019-09-13T12:24:06","date_gmt":"2024-08-13T13:08:28","guid":{"rendered":"https:\/\/tilefly.com\/producto\/soft-anthracite-15x90\/"},"modified":"2024-08-13T15:08:28","modified_gmt":"2024-08-13T13:08:28","slug":"soft-anthracite-15x90","status":"publish","type":"product","link":"https:\/\/tilefly.com\/fr\/produit\/soft-anthracite-15x90\/","title":{"rendered":"SOFT ANTHRACITE 15X90"},"content":{"rendered":"<h1><strong>Carreaux en gr\u00e8s c\u00e9rame SOFT ANTHRACITE 15X90<\/strong><\/h1><p>Ce carreau en gr\u00e8s c\u00e9rame au format cm, \u00e0 la finition mate et au coloris Noir \/ Fonc\u00e9 est parfait pour votre int\u00e9rieur. Son mat\u00e9riau de fabrication est le gr\u00e8s c\u00e9rame.<\/p><p>Particularit\u00e9s : Imitation de la pierre, Mosa\u00efques<\/p>","protected":false},"excerpt":{"rendered":"<p>Carreaux en gr\u00e8s c\u00e9rame SOFT ANTHRACITE 15X90Ce carreau en gr\u00e8s c\u00e9rame au format cm, \u00e0 la finition mate et au coloris Noir \/ Fonc\u00e9 est parfait pour votre int\u00e9rieur. Son mat\u00e9riau de fabrication est le gr\u00e8s c\u00e9rame.Particularit\u00e9s : Imitation de la pierre, Mosa\u00efques<\/p>\n","protected":false},"featured_media":532465,"comment_status":"closed","ping_status":"closed","template":"","meta":[],"product_brand":[],"product_cat":[353,355,356,354,357],"product_tag":[],"class_list":{"0":"post-532463","1":"product","2":"type-product","3":"status-publish","4":"has-post-thumbnail","6":"product_cat-carrelage","7":"product_cat-cuisines","8":"product_cat-faiences","9":"product_cat-carrelage-salle-de-bain","10":"product_cat-carrelage-salon","12":"first","13":"outofstock","14":"shipping-taxable","15":"purchasable","16":"product-type-simple"},"_links":{"self":[{"href":"https:\/\/tilefly.com\/fr\/wp-json\/wp\/v2\/product\/532463","targetHints":{"allow":["GET"]}}],"collection":[{"href":"https:\/\/tilefly.com\/fr\/wp-json\/wp\/v2\/product"}],"about":[{"href":"https:\/\/tilefly.com\/fr\/wp-json\/wp\/v2\/types\/product"}],"replies":[{"embeddable":true,"href":"https:\/\/tilefly.com\/fr\/wp-json\/wp\/v2\/comments?post=532463"}],"wp:featuredmedia":[{"embeddable":true,"href":"https:\/\/tilefly.com\/fr\/wp-json\/wp\/v2\/media\/532465"}],"wp:attachment":[{"href":"https:\/\/tilefly.com\/fr\/wp-json\/wp\/v2\/media?parent=532463"}],"wp:term":[{"taxonomy":"product_brand","embeddable":true,"href":"https:\/\/tilefly.com\/fr\/wp-json\/wp\/v2\/product_brand?post=532463"},{"taxonomy":"product_cat","embeddable":true,"href":"https:\/\/tilefly.com\/fr\/wp-json\/wp\/v2\/product_cat?post=532463"},{"taxonomy":"product_tag","embeddable":true,"href":"https:\/\/tilefly.com\/fr\/wp-json\/wp\/v2\/product_tag?post=532463"}],"curies":[{"name":"wp","href":"https:\/\/api.w.org\/{rel}","templated":true}]}}