{"id":531967,"date":"2020-10-09T15:43:41","date_gmt":"2020-10-09T13:43:41","guid":{"rendered":"https:\/\/tilefly.com\/producto\/norwich-blanco-60x120-rect\/"},"modified":"2024-08-13T14:53:08","modified_gmt":"2024-08-13T12:53:08","slug":"norwich-blanco-60x120-rect","status":"publish","type":"product","link":"https:\/\/tilefly.com\/fr\/produit\/norwich-blanco-60x120-rect\/","title":{"rendered":"NORWICH BLANCO 60X120 RECT."},"content":{"rendered":"<p>Ce Carreaux de Porcelaine de la s\u00e9rie NORWICH se distingue par son mat\u00e9riau Porcelaine Emaill\u00e9e qui est l&#8217;un des plus r\u00e9sistants du march\u00e9, il a une texture Imitation ciment avec une finition Matte en format 60X120 RECT.<\/p>","protected":false},"excerpt":{"rendered":"<p>Ce Carreaux de Porcelaine de la s\u00e9rie NORWICH se distingue par son mat\u00e9riau Porcelaine Emaill\u00e9e qui est l&#8217;un des plus r\u00e9sistants du march\u00e9, il a une texture Imitation ciment avec une finition Matte en format 60X120 RECT.<\/p>\n","protected":false},"featured_media":531969,"comment_status":"open","ping_status":"closed","template":"","meta":[],"product_brand":[],"product_cat":[353,355,357],"product_tag":[],"class_list":{"0":"post-531967","1":"product","2":"type-product","3":"status-publish","4":"has-post-thumbnail","6":"product_cat-carrelage","7":"product_cat-cuisines","8":"product_cat-carrelage-salon","10":"first","11":"outofstock","12":"shipping-taxable","13":"purchasable","14":"product-type-simple"},"_links":{"self":[{"href":"https:\/\/tilefly.com\/fr\/wp-json\/wp\/v2\/product\/531967","targetHints":{"allow":["GET"]}}],"collection":[{"href":"https:\/\/tilefly.com\/fr\/wp-json\/wp\/v2\/product"}],"about":[{"href":"https:\/\/tilefly.com\/fr\/wp-json\/wp\/v2\/types\/product"}],"replies":[{"embeddable":true,"href":"https:\/\/tilefly.com\/fr\/wp-json\/wp\/v2\/comments?post=531967"}],"wp:featuredmedia":[{"embeddable":true,"href":"https:\/\/tilefly.com\/fr\/wp-json\/wp\/v2\/media\/531969"}],"wp:attachment":[{"href":"https:\/\/tilefly.com\/fr\/wp-json\/wp\/v2\/media?parent=531967"}],"wp:term":[{"taxonomy":"product_brand","embeddable":true,"href":"https:\/\/tilefly.com\/fr\/wp-json\/wp\/v2\/product_brand?post=531967"},{"taxonomy":"product_cat","embeddable":true,"href":"https:\/\/tilefly.com\/fr\/wp-json\/wp\/v2\/product_cat?post=531967"},{"taxonomy":"product_tag","embeddable":true,"href":"https:\/\/tilefly.com\/fr\/wp-json\/wp\/v2\/product_tag?post=531967"}],"curies":[{"name":"wp","href":"https:\/\/api.w.org\/{rel}","templated":true}]}}