{"id":531811,"date":"2020-10-18T23:58:16","date_gmt":"2024-08-13T12:50:17","guid":{"rendered":"https:\/\/tilefly.com\/producto\/origins-30x90\/"},"modified":"2024-08-13T14:50:17","modified_gmt":"2024-08-13T12:50:17","slug":"origins-30x90","status":"publish","type":"product","link":"https:\/\/tilefly.com\/fr\/produit\/origins-30x90\/","title":{"rendered":"ORIGINS 30X90"},"content":{"rendered":"<p>Carreaux rectifi\u00e9s et d\u00e9cor\u00e9s pour s\u00e9rie ciment qui reproduit les effets de craquelures et les variations de ton des \u00e9maux r\u00e9actifs typiques des authentiques c\u00e9ramiques traditionnelles.<br \/>Convient pour une pose verticale ou horizontale. <\/p>","protected":false},"excerpt":{"rendered":"<p>Carreaux rectifi\u00e9s et d\u00e9cor\u00e9s pour s\u00e9rie ciment qui reproduit les effets de craquelures et les variations de ton des \u00e9maux r\u00e9actifs typiques des authentiques c\u00e9ramiques traditionnelles.Convient pour une pose verticale ou horizontale.<\/p>\n","protected":false},"featured_media":531815,"comment_status":"open","ping_status":"closed","template":"","meta":[],"product_brand":[],"product_cat":[355,356,354],"product_tag":[],"class_list":{"0":"post-531811","1":"product","2":"type-product","3":"status-publish","4":"has-post-thumbnail","6":"product_cat-cuisines","7":"product_cat-faiences","8":"product_cat-carrelage-salle-de-bain","10":"first","11":"outofstock","12":"shipping-taxable","13":"purchasable","14":"product-type-simple"},"_links":{"self":[{"href":"https:\/\/tilefly.com\/fr\/wp-json\/wp\/v2\/product\/531811","targetHints":{"allow":["GET"]}}],"collection":[{"href":"https:\/\/tilefly.com\/fr\/wp-json\/wp\/v2\/product"}],"about":[{"href":"https:\/\/tilefly.com\/fr\/wp-json\/wp\/v2\/types\/product"}],"replies":[{"embeddable":true,"href":"https:\/\/tilefly.com\/fr\/wp-json\/wp\/v2\/comments?post=531811"}],"wp:featuredmedia":[{"embeddable":true,"href":"https:\/\/tilefly.com\/fr\/wp-json\/wp\/v2\/media\/531815"}],"wp:attachment":[{"href":"https:\/\/tilefly.com\/fr\/wp-json\/wp\/v2\/media?parent=531811"}],"wp:term":[{"taxonomy":"product_brand","embeddable":true,"href":"https:\/\/tilefly.com\/fr\/wp-json\/wp\/v2\/product_brand?post=531811"},{"taxonomy":"product_cat","embeddable":true,"href":"https:\/\/tilefly.com\/fr\/wp-json\/wp\/v2\/product_cat?post=531811"},{"taxonomy":"product_tag","embeddable":true,"href":"https:\/\/tilefly.com\/fr\/wp-json\/wp\/v2\/product_tag?post=531811"}],"curies":[{"name":"wp","href":"https:\/\/api.w.org\/{rel}","templated":true}]}}