{"id":531804,"date":"2020-10-18T23:58:16","date_gmt":"2024-08-13T12:50:15","guid":{"rendered":"https:\/\/tilefly.com\/producto\/nova-cinza-30x90\/"},"modified":"2024-08-13T14:50:15","modified_gmt":"2024-08-13T12:50:15","slug":"nova-cinza-30x90","status":"publish","type":"product","link":"https:\/\/tilefly.com\/fr\/produit\/nova-cinza-30x90\/","title":{"rendered":"NOVA CINZA 30X90"},"content":{"rendered":"<p>Carreaux rectifi\u00e9s modernes et originaux en 30&#215;90 avec une texture ciment et un graphisme doux qui \u00e9voque les n\u0153uds du bois.<br \/>Tonalit\u00e9 claire <\/p>","protected":false},"excerpt":{"rendered":"<p>Carreaux rectifi\u00e9s modernes et originaux en 30&#215;90 avec une texture ciment et un graphisme doux qui \u00e9voque les n\u0153uds du bois.Tonalit\u00e9 claire<\/p>\n","protected":false},"featured_media":531806,"comment_status":"open","ping_status":"closed","template":"","meta":[],"product_brand":[],"product_cat":[355,356,354],"product_tag":[],"class_list":{"0":"post-531804","1":"product","2":"type-product","3":"status-publish","4":"has-post-thumbnail","6":"product_cat-cuisines","7":"product_cat-faiences","8":"product_cat-carrelage-salle-de-bain","10":"first","11":"outofstock","12":"shipping-taxable","13":"purchasable","14":"product-type-simple"},"_links":{"self":[{"href":"https:\/\/tilefly.com\/fr\/wp-json\/wp\/v2\/product\/531804","targetHints":{"allow":["GET"]}}],"collection":[{"href":"https:\/\/tilefly.com\/fr\/wp-json\/wp\/v2\/product"}],"about":[{"href":"https:\/\/tilefly.com\/fr\/wp-json\/wp\/v2\/types\/product"}],"replies":[{"embeddable":true,"href":"https:\/\/tilefly.com\/fr\/wp-json\/wp\/v2\/comments?post=531804"}],"wp:featuredmedia":[{"embeddable":true,"href":"https:\/\/tilefly.com\/fr\/wp-json\/wp\/v2\/media\/531806"}],"wp:attachment":[{"href":"https:\/\/tilefly.com\/fr\/wp-json\/wp\/v2\/media?parent=531804"}],"wp:term":[{"taxonomy":"product_brand","embeddable":true,"href":"https:\/\/tilefly.com\/fr\/wp-json\/wp\/v2\/product_brand?post=531804"},{"taxonomy":"product_cat","embeddable":true,"href":"https:\/\/tilefly.com\/fr\/wp-json\/wp\/v2\/product_cat?post=531804"},{"taxonomy":"product_tag","embeddable":true,"href":"https:\/\/tilefly.com\/fr\/wp-json\/wp\/v2\/product_tag?post=531804"}],"curies":[{"name":"wp","href":"https:\/\/api.w.org\/{rel}","templated":true}]}}