{"id":531763,"date":"2020-10-16T07:46:07","date_gmt":"2024-08-13T12:49:58","guid":{"rendered":"https:\/\/tilefly.com\/producto\/magnificent-30x90\/"},"modified":"2024-08-13T14:49:58","modified_gmt":"2024-08-13T12:49:58","slug":"magnificent-30x90","status":"publish","type":"product","link":"https:\/\/tilefly.com\/fr\/produit\/magnificent-30x90\/","title":{"rendered":"MAGNIFICENT 30X90"},"content":{"rendered":"<p>Un d\u00e9cor riche qui r\u00e9interpr\u00e8te le graphisme des textiles damass\u00e9s avec une approche moderne.<br \/>D\u00e9cor riche pour la s\u00e9rie Nova <\/p>","protected":false},"excerpt":{"rendered":"<p>Un d\u00e9cor riche qui r\u00e9interpr\u00e8te le graphisme des textiles damass\u00e9s avec une approche moderne.D\u00e9cor riche pour la s\u00e9rie Nova<\/p>\n","protected":false},"featured_media":531764,"comment_status":"open","ping_status":"closed","template":"","meta":[],"product_brand":[],"product_cat":[355,356,354],"product_tag":[],"class_list":{"0":"post-531763","1":"product","2":"type-product","3":"status-publish","4":"has-post-thumbnail","6":"product_cat-cuisines","7":"product_cat-faiences","8":"product_cat-carrelage-salle-de-bain","10":"first","11":"outofstock","12":"shipping-taxable","13":"purchasable","14":"product-type-simple"},"_links":{"self":[{"href":"https:\/\/tilefly.com\/fr\/wp-json\/wp\/v2\/product\/531763","targetHints":{"allow":["GET"]}}],"collection":[{"href":"https:\/\/tilefly.com\/fr\/wp-json\/wp\/v2\/product"}],"about":[{"href":"https:\/\/tilefly.com\/fr\/wp-json\/wp\/v2\/types\/product"}],"replies":[{"embeddable":true,"href":"https:\/\/tilefly.com\/fr\/wp-json\/wp\/v2\/comments?post=531763"}],"wp:featuredmedia":[{"embeddable":true,"href":"https:\/\/tilefly.com\/fr\/wp-json\/wp\/v2\/media\/531764"}],"wp:attachment":[{"href":"https:\/\/tilefly.com\/fr\/wp-json\/wp\/v2\/media?parent=531763"}],"wp:term":[{"taxonomy":"product_brand","embeddable":true,"href":"https:\/\/tilefly.com\/fr\/wp-json\/wp\/v2\/product_brand?post=531763"},{"taxonomy":"product_cat","embeddable":true,"href":"https:\/\/tilefly.com\/fr\/wp-json\/wp\/v2\/product_cat?post=531763"},{"taxonomy":"product_tag","embeddable":true,"href":"https:\/\/tilefly.com\/fr\/wp-json\/wp\/v2\/product_tag?post=531763"}],"curies":[{"name":"wp","href":"https:\/\/api.w.org\/{rel}","templated":true}]}}