{"id":531748,"date":"2020-10-16T07:46:07","date_gmt":"2024-08-13T12:49:55","guid":{"rendered":"https:\/\/tilefly.com\/producto\/lionela-white-30x90\/"},"modified":"2024-08-13T14:49:55","modified_gmt":"2024-08-13T12:49:55","slug":"lionela-white-30x90","status":"publish","type":"product","link":"https:\/\/tilefly.com\/fr\/produit\/lionela-white-30x90\/","title":{"rendered":"LIONELA WHITE 30X90"},"content":{"rendered":"<h1><strong>Carreaux en p\u00e2te blanche LIONELA WHITE 30X90<\/strong><\/h1><p>Ce carreau Pasta Blanca au format cm, \u00e0 la finition mate et au coloris blanc est parfait pour votre int\u00e9rieur. Son mat\u00e9riau de fabrication est la p\u00e2te blanche.<\/p><p>Particularit\u00e9s : D\u00e9cor\u00e9<\/p>","protected":false},"excerpt":{"rendered":"<p>Carreaux en p\u00e2te blanche LIONELA WHITE 30X90Ce carreau Pasta Blanca au format cm, \u00e0 la finition mate et au coloris blanc est parfait pour votre int\u00e9rieur. Son mat\u00e9riau de fabrication est la p\u00e2te blanche.Particularit\u00e9s : D\u00e9cor\u00e9<\/p>\n","protected":false},"featured_media":124194,"comment_status":"open","ping_status":"closed","template":"","meta":[],"product_brand":[],"product_cat":[355,356,354],"product_tag":[],"class_list":{"0":"post-531748","1":"product","2":"type-product","3":"status-publish","4":"has-post-thumbnail","6":"product_cat-cuisines","7":"product_cat-faiences","8":"product_cat-carrelage-salle-de-bain","10":"first","11":"instock","12":"shipping-taxable","13":"purchasable","14":"product-type-simple"},"_links":{"self":[{"href":"https:\/\/tilefly.com\/fr\/wp-json\/wp\/v2\/product\/531748","targetHints":{"allow":["GET"]}}],"collection":[{"href":"https:\/\/tilefly.com\/fr\/wp-json\/wp\/v2\/product"}],"about":[{"href":"https:\/\/tilefly.com\/fr\/wp-json\/wp\/v2\/types\/product"}],"replies":[{"embeddable":true,"href":"https:\/\/tilefly.com\/fr\/wp-json\/wp\/v2\/comments?post=531748"}],"wp:featuredmedia":[{"embeddable":true,"href":"https:\/\/tilefly.com\/fr\/wp-json\/wp\/v2\/media\/124194"}],"wp:attachment":[{"href":"https:\/\/tilefly.com\/fr\/wp-json\/wp\/v2\/media?parent=531748"}],"wp:term":[{"taxonomy":"product_brand","embeddable":true,"href":"https:\/\/tilefly.com\/fr\/wp-json\/wp\/v2\/product_brand?post=531748"},{"taxonomy":"product_cat","embeddable":true,"href":"https:\/\/tilefly.com\/fr\/wp-json\/wp\/v2\/product_cat?post=531748"},{"taxonomy":"product_tag","embeddable":true,"href":"https:\/\/tilefly.com\/fr\/wp-json\/wp\/v2\/product_tag?post=531748"}],"curies":[{"name":"wp","href":"https:\/\/api.w.org\/{rel}","templated":true}]}}