{"id":531715,"date":"2020-09-01T11:39:32","date_gmt":"2024-08-13T12:49:31","guid":{"rendered":"https:\/\/tilefly.com\/producto\/sassi-sabbia-natural-30x90\/"},"modified":"2024-08-13T14:49:31","modified_gmt":"2024-08-13T12:49:31","slug":"sassi-sabbia-natural-30x90","status":"publish","type":"product","link":"https:\/\/tilefly.com\/fr\/produit\/sassi-sabbia-natural-30x90\/","title":{"rendered":"SASSI SABBIA NATURAL 30X90"},"content":{"rendered":"<p>Sassi Wall Tile est la collection qui s&#8217;appuie sur la base Sassi et, en combinant les deux, il est possible d&#8217;obtenir des atmosph\u00e8res uniformes qui transmettent la sensation de continuit\u00e9 qui est presque vitale dans certains espaces.<br \/>Ce carreau est sp\u00e9cial pour la Fa\u00efence parce qu&#8217;il est r\u00e9alis\u00e9 en p\u00e2te blanche, beaucoup plus claire que le carreau de porcelaine habituel.<br \/>Cette caract\u00e9ristique de son teint favorise \u00e0 la fois le processus d&#8217;installation et r\u00e9duit son prix sur le march\u00e9.<br \/>La ligne est compl\u00e9t\u00e9e par une magnifique d\u00e9coration en relief pour toutes les nuances disponibles dans la s\u00e9rie.   <\/p>","protected":false},"excerpt":{"rendered":"<p>Sassi Wall Tile est la collection qui s&#8217;appuie sur la base Sassi et, en combinant les deux, il est possible d&#8217;obtenir des atmosph\u00e8res uniformes qui transmettent la sensation de continuit\u00e9 qui est presque vitale dans certains espaces.Ce carreau est sp\u00e9cial pour la Fa\u00efence parce qu&#8217;il est r\u00e9alis\u00e9 en p\u00e2te blanche, beaucoup plus claire que le [&hellip;]<\/p>\n","protected":false},"featured_media":72653,"comment_status":"open","ping_status":"closed","template":"","meta":[],"product_brand":[],"product_cat":[355,356,354,357],"product_tag":[],"class_list":{"0":"post-531715","1":"product","2":"type-product","3":"status-publish","4":"has-post-thumbnail","6":"product_cat-cuisines","7":"product_cat-faiences","8":"product_cat-carrelage-salle-de-bain","9":"product_cat-carrelage-salon","11":"first","12":"instock","13":"shipping-taxable","14":"purchasable","15":"product-type-simple"},"_links":{"self":[{"href":"https:\/\/tilefly.com\/fr\/wp-json\/wp\/v2\/product\/531715","targetHints":{"allow":["GET"]}}],"collection":[{"href":"https:\/\/tilefly.com\/fr\/wp-json\/wp\/v2\/product"}],"about":[{"href":"https:\/\/tilefly.com\/fr\/wp-json\/wp\/v2\/types\/product"}],"replies":[{"embeddable":true,"href":"https:\/\/tilefly.com\/fr\/wp-json\/wp\/v2\/comments?post=531715"}],"wp:featuredmedia":[{"embeddable":true,"href":"https:\/\/tilefly.com\/fr\/wp-json\/wp\/v2\/media\/72653"}],"wp:attachment":[{"href":"https:\/\/tilefly.com\/fr\/wp-json\/wp\/v2\/media?parent=531715"}],"wp:term":[{"taxonomy":"product_brand","embeddable":true,"href":"https:\/\/tilefly.com\/fr\/wp-json\/wp\/v2\/product_brand?post=531715"},{"taxonomy":"product_cat","embeddable":true,"href":"https:\/\/tilefly.com\/fr\/wp-json\/wp\/v2\/product_cat?post=531715"},{"taxonomy":"product_tag","embeddable":true,"href":"https:\/\/tilefly.com\/fr\/wp-json\/wp\/v2\/product_tag?post=531715"}],"curies":[{"name":"wp","href":"https:\/\/api.w.org\/{rel}","templated":true}]}}