{"id":531674,"date":"2020-09-01T11:09:55","date_gmt":"2024-08-13T12:48:58","guid":{"rendered":"https:\/\/tilefly.com\/producto\/loft-white-natural-30x90\/"},"modified":"2024-08-13T14:48:58","modified_gmt":"2024-08-13T12:48:58","slug":"loft-white-natural-30x90","status":"publish","type":"product","link":"https:\/\/tilefly.com\/fr\/produit\/loft-white-natural-30x90\/","title":{"rendered":"LOFT WHITE NATURAL 30X90"},"content":{"rendered":"<p>Loft Wall Tile est la collection bas\u00e9e sur la s\u00e9rie Loft.<br \/>Elle offre la possibilit\u00e9 de cr\u00e9er des atmosph\u00e8res totalement homog\u00e8nes et uniformes qui donnent une impression de continuit\u00e9.<br \/>Ce carreau est particuli\u00e8rement adapt\u00e9 \u00e0 la r\u00e9alisation de Fa\u00efences car il est fabriqu\u00e9 en p\u00e2te blanche, beaucoup plus claire que les carreaux de gr\u00e8s c\u00e9rame habituels.<br \/>La ligne est compl\u00e9t\u00e9e par un magnifique d\u00e9cor en relief pour toutes les teintes disponibles dans la s\u00e9rie Loft.   <\/p>","protected":false},"excerpt":{"rendered":"<p>Loft Wall Tile est la collection bas\u00e9e sur la s\u00e9rie Loft.Elle offre la possibilit\u00e9 de cr\u00e9er des atmosph\u00e8res totalement homog\u00e8nes et uniformes qui donnent une impression de continuit\u00e9.Ce carreau est particuli\u00e8rement adapt\u00e9 \u00e0 la r\u00e9alisation de Fa\u00efences car il est fabriqu\u00e9 en p\u00e2te blanche, beaucoup plus claire que les carreaux de gr\u00e8s c\u00e9rame habituels.La ligne [&hellip;]<\/p>\n","protected":false},"featured_media":72588,"comment_status":"open","ping_status":"closed","template":"","meta":[],"product_brand":[],"product_cat":[355,356,354,357],"product_tag":[],"class_list":{"0":"post-531674","1":"product","2":"type-product","3":"status-publish","4":"has-post-thumbnail","6":"product_cat-cuisines","7":"product_cat-faiences","8":"product_cat-carrelage-salle-de-bain","9":"product_cat-carrelage-salon","11":"first","12":"instock","13":"shipping-taxable","14":"purchasable","15":"product-type-simple"},"_links":{"self":[{"href":"https:\/\/tilefly.com\/fr\/wp-json\/wp\/v2\/product\/531674","targetHints":{"allow":["GET"]}}],"collection":[{"href":"https:\/\/tilefly.com\/fr\/wp-json\/wp\/v2\/product"}],"about":[{"href":"https:\/\/tilefly.com\/fr\/wp-json\/wp\/v2\/types\/product"}],"replies":[{"embeddable":true,"href":"https:\/\/tilefly.com\/fr\/wp-json\/wp\/v2\/comments?post=531674"}],"wp:featuredmedia":[{"embeddable":true,"href":"https:\/\/tilefly.com\/fr\/wp-json\/wp\/v2\/media\/72588"}],"wp:attachment":[{"href":"https:\/\/tilefly.com\/fr\/wp-json\/wp\/v2\/media?parent=531674"}],"wp:term":[{"taxonomy":"product_brand","embeddable":true,"href":"https:\/\/tilefly.com\/fr\/wp-json\/wp\/v2\/product_brand?post=531674"},{"taxonomy":"product_cat","embeddable":true,"href":"https:\/\/tilefly.com\/fr\/wp-json\/wp\/v2\/product_cat?post=531674"},{"taxonomy":"product_tag","embeddable":true,"href":"https:\/\/tilefly.com\/fr\/wp-json\/wp\/v2\/product_tag?post=531674"}],"curies":[{"name":"wp","href":"https:\/\/api.w.org\/{rel}","templated":true}]}}