{"id":531566,"date":"2019-09-13T12:19:00","date_gmt":"2019-09-13T10:19:00","guid":{"rendered":"https:\/\/tilefly.com\/producto\/timeless-sand-rect-30x90\/"},"modified":"2024-08-13T14:47:13","modified_gmt":"2024-08-13T12:47:13","slug":"timeless-sand-rect-30x90","status":"publish","type":"product","link":"https:\/\/tilefly.com\/fr\/produit\/timeless-sand-rect-30x90\/","title":{"rendered":"TIMELESS SAND RECT, 30X90"},"content":{"rendered":"<h1><strong>Carreaux en p\u00e2te blanche RECT DE SANT\u00c9 TIMELESS, 30X90<\/strong><\/h1><p>Ce carreau Pasta Blanca au format 30X90 cm, en finition brillante et de couleur marron est parfait pour votre int\u00e9rieur. Son mat\u00e9riau de fabrication est la p\u00e2te blanche.<\/p><p>Particularit\u00e9s : D\u00e9cor\u00e9, Imitation ciment<\/p>","protected":false},"excerpt":{"rendered":"<p>Carreaux en p\u00e2te blanche RECT DE SANT\u00c9 TIMELESS, 30X90Ce carreau Pasta Blanca au format 30X90 cm, en finition brillante et de couleur marron est parfait pour votre int\u00e9rieur. Son mat\u00e9riau de fabrication est la p\u00e2te blanche.Particularit\u00e9s : D\u00e9cor\u00e9, Imitation ciment<\/p>\n","protected":false},"featured_media":61619,"comment_status":"closed","ping_status":"closed","template":"","meta":[],"product_brand":[],"product_cat":[355,356,354,357],"product_tag":[],"class_list":{"0":"post-531566","1":"product","2":"type-product","3":"status-publish","4":"has-post-thumbnail","6":"product_cat-cuisines","7":"product_cat-faiences","8":"product_cat-carrelage-salle-de-bain","9":"product_cat-carrelage-salon","11":"first","12":"outofstock","13":"shipping-taxable","14":"purchasable","15":"product-type-simple"},"_links":{"self":[{"href":"https:\/\/tilefly.com\/fr\/wp-json\/wp\/v2\/product\/531566","targetHints":{"allow":["GET"]}}],"collection":[{"href":"https:\/\/tilefly.com\/fr\/wp-json\/wp\/v2\/product"}],"about":[{"href":"https:\/\/tilefly.com\/fr\/wp-json\/wp\/v2\/types\/product"}],"replies":[{"embeddable":true,"href":"https:\/\/tilefly.com\/fr\/wp-json\/wp\/v2\/comments?post=531566"}],"wp:featuredmedia":[{"embeddable":true,"href":"https:\/\/tilefly.com\/fr\/wp-json\/wp\/v2\/media\/61619"}],"wp:attachment":[{"href":"https:\/\/tilefly.com\/fr\/wp-json\/wp\/v2\/media?parent=531566"}],"wp:term":[{"taxonomy":"product_brand","embeddable":true,"href":"https:\/\/tilefly.com\/fr\/wp-json\/wp\/v2\/product_brand?post=531566"},{"taxonomy":"product_cat","embeddable":true,"href":"https:\/\/tilefly.com\/fr\/wp-json\/wp\/v2\/product_cat?post=531566"},{"taxonomy":"product_tag","embeddable":true,"href":"https:\/\/tilefly.com\/fr\/wp-json\/wp\/v2\/product_tag?post=531566"}],"curies":[{"name":"wp","href":"https:\/\/api.w.org\/{rel}","templated":true}]}}