{"id":531473,"date":"2019-09-13T12:19:00","date_gmt":"2024-08-13T12:45:21","guid":{"rendered":"https:\/\/tilefly.com\/producto\/cathy-tortola-rect-30x90\/"},"modified":"2024-08-13T14:45:21","modified_gmt":"2024-08-13T12:45:21","slug":"cathy-tortola-rect-30x90","status":"publish","type":"product","link":"https:\/\/tilefly.com\/fr\/produit\/cathy-tortola-rect-30x90\/","title":{"rendered":"CATHY TORTOLA RECT, 30X90"},"content":{"rendered":"<h1><strong>CATHY TORTOLA Carreaux en p\u00e2te blanche, 30X90<\/strong><\/h1><p>Ce carreau en p\u00e2te blanche au format 30X90 cm, finition mate et coloris gris est parfait pour votre int\u00e9rieur. Son mat\u00e9riau de fabrication est la p\u00e2te blanche.<\/p><p>Particularit\u00e9s : D\u00e9cor\u00e9, Imitation ciment<\/p>","protected":false},"excerpt":{"rendered":"<p>CATHY TORTOLA Carreaux en p\u00e2te blanche, 30X90Ce carreau en p\u00e2te blanche au format 30X90 cm, finition mate et coloris gris est parfait pour votre int\u00e9rieur. Son mat\u00e9riau de fabrication est la p\u00e2te blanche.Particularit\u00e9s : D\u00e9cor\u00e9, Imitation ciment<\/p>\n","protected":false},"featured_media":61643,"comment_status":"closed","ping_status":"closed","template":"","meta":[],"product_brand":[],"product_cat":[355,356,354,357],"product_tag":[],"class_list":{"0":"post-531473","1":"product","2":"type-product","3":"status-publish","4":"has-post-thumbnail","6":"product_cat-cuisines","7":"product_cat-faiences","8":"product_cat-carrelage-salle-de-bain","9":"product_cat-carrelage-salon","11":"first","12":"outofstock","13":"shipping-taxable","14":"purchasable","15":"product-type-simple"},"_links":{"self":[{"href":"https:\/\/tilefly.com\/fr\/wp-json\/wp\/v2\/product\/531473","targetHints":{"allow":["GET"]}}],"collection":[{"href":"https:\/\/tilefly.com\/fr\/wp-json\/wp\/v2\/product"}],"about":[{"href":"https:\/\/tilefly.com\/fr\/wp-json\/wp\/v2\/types\/product"}],"replies":[{"embeddable":true,"href":"https:\/\/tilefly.com\/fr\/wp-json\/wp\/v2\/comments?post=531473"}],"wp:featuredmedia":[{"embeddable":true,"href":"https:\/\/tilefly.com\/fr\/wp-json\/wp\/v2\/media\/61643"}],"wp:attachment":[{"href":"https:\/\/tilefly.com\/fr\/wp-json\/wp\/v2\/media?parent=531473"}],"wp:term":[{"taxonomy":"product_brand","embeddable":true,"href":"https:\/\/tilefly.com\/fr\/wp-json\/wp\/v2\/product_brand?post=531473"},{"taxonomy":"product_cat","embeddable":true,"href":"https:\/\/tilefly.com\/fr\/wp-json\/wp\/v2\/product_cat?post=531473"},{"taxonomy":"product_tag","embeddable":true,"href":"https:\/\/tilefly.com\/fr\/wp-json\/wp\/v2\/product_tag?post=531473"}],"curies":[{"name":"wp","href":"https:\/\/api.w.org\/{rel}","templated":true}]}}