{"id":531383,"date":"2020-10-16T07:46:07","date_gmt":"2024-08-13T12:41:28","guid":{"rendered":"https:\/\/tilefly.com\/producto\/karakter-light-30x90\/"},"modified":"2024-08-13T14:41:28","modified_gmt":"2024-08-13T12:41:28","slug":"karakter-light-30x90","status":"publish","type":"product","link":"https:\/\/tilefly.com\/fr\/produit\/karakter-light-30x90\/","title":{"rendered":"KARAKTER LIGHT 30X90"},"content":{"rendered":"<h1><strong>KARAKTER LIGHT Carreaux en p\u00e2te blanche 30X90<\/strong><\/h1><p>Ce carreau Pasta Blanca au format cm, de finition mate et de couleur grise est parfait pour votre int\u00e9rieur.<br \/>Son mat\u00e9riau de fabrication est le Pasta Blanca. <\/p><p>Particularit\u00e9s : D\u00e9cor\u00e9<\/p>","protected":false},"excerpt":{"rendered":"<p>KARAKTER LIGHT Carreaux en p\u00e2te blanche 30X90Ce carreau Pasta Blanca au format cm, de finition mate et de couleur grise est parfait pour votre int\u00e9rieur.Son mat\u00e9riau de fabrication est le Pasta Blanca. Particularit\u00e9s : D\u00e9cor\u00e9<\/p>\n","protected":false},"featured_media":124088,"comment_status":"open","ping_status":"closed","template":"","meta":[],"product_brand":[],"product_cat":[355,356,354],"product_tag":[],"class_list":{"0":"post-531383","1":"product","2":"type-product","3":"status-publish","4":"has-post-thumbnail","6":"product_cat-cuisines","7":"product_cat-faiences","8":"product_cat-carrelage-salle-de-bain","10":"first","11":"instock","12":"shipping-taxable","13":"purchasable","14":"product-type-simple"},"_links":{"self":[{"href":"https:\/\/tilefly.com\/fr\/wp-json\/wp\/v2\/product\/531383","targetHints":{"allow":["GET"]}}],"collection":[{"href":"https:\/\/tilefly.com\/fr\/wp-json\/wp\/v2\/product"}],"about":[{"href":"https:\/\/tilefly.com\/fr\/wp-json\/wp\/v2\/types\/product"}],"replies":[{"embeddable":true,"href":"https:\/\/tilefly.com\/fr\/wp-json\/wp\/v2\/comments?post=531383"}],"wp:featuredmedia":[{"embeddable":true,"href":"https:\/\/tilefly.com\/fr\/wp-json\/wp\/v2\/media\/124088"}],"wp:attachment":[{"href":"https:\/\/tilefly.com\/fr\/wp-json\/wp\/v2\/media?parent=531383"}],"wp:term":[{"taxonomy":"product_brand","embeddable":true,"href":"https:\/\/tilefly.com\/fr\/wp-json\/wp\/v2\/product_brand?post=531383"},{"taxonomy":"product_cat","embeddable":true,"href":"https:\/\/tilefly.com\/fr\/wp-json\/wp\/v2\/product_cat?post=531383"},{"taxonomy":"product_tag","embeddable":true,"href":"https:\/\/tilefly.com\/fr\/wp-json\/wp\/v2\/product_tag?post=531383"}],"curies":[{"name":"wp","href":"https:\/\/api.w.org\/{rel}","templated":true}]}}