{"id":531359,"date":"2020-10-16T07:46:07","date_gmt":"2024-08-13T12:41:21","guid":{"rendered":"https:\/\/tilefly.com\/producto\/just-white-matt-30x90\/"},"modified":"2024-08-13T14:41:21","modified_gmt":"2024-08-13T12:41:21","slug":"just-white-matt-30x90","status":"publish","type":"product","link":"https:\/\/tilefly.com\/fr\/produit\/just-white-matt-30x90\/","title":{"rendered":"JUST WHITE MATT 30X90"},"content":{"rendered":"<p>Carreaux rectifi\u00e9s en 30&#215;90 avec une tonalit\u00e9 blanche qui en fait une base neutre tr\u00e8s combinable.<br \/>Disponible en finition mate et brillante. <\/p>","protected":false},"excerpt":{"rendered":"<p>Carreaux rectifi\u00e9s en 30&#215;90 avec une tonalit\u00e9 blanche qui en fait une base neutre tr\u00e8s combinable.Disponible en finition mate et brillante.<\/p>\n","protected":false},"featured_media":531362,"comment_status":"open","ping_status":"closed","template":"","meta":[],"product_brand":[],"product_cat":[355,356,354],"product_tag":[],"class_list":{"0":"post-531359","1":"product","2":"type-product","3":"status-publish","4":"has-post-thumbnail","6":"product_cat-cuisines","7":"product_cat-faiences","8":"product_cat-carrelage-salle-de-bain","10":"first","11":"outofstock","12":"shipping-taxable","13":"purchasable","14":"product-type-simple"},"_links":{"self":[{"href":"https:\/\/tilefly.com\/fr\/wp-json\/wp\/v2\/product\/531359","targetHints":{"allow":["GET"]}}],"collection":[{"href":"https:\/\/tilefly.com\/fr\/wp-json\/wp\/v2\/product"}],"about":[{"href":"https:\/\/tilefly.com\/fr\/wp-json\/wp\/v2\/types\/product"}],"replies":[{"embeddable":true,"href":"https:\/\/tilefly.com\/fr\/wp-json\/wp\/v2\/comments?post=531359"}],"wp:featuredmedia":[{"embeddable":true,"href":"https:\/\/tilefly.com\/fr\/wp-json\/wp\/v2\/media\/531362"}],"wp:attachment":[{"href":"https:\/\/tilefly.com\/fr\/wp-json\/wp\/v2\/media?parent=531359"}],"wp:term":[{"taxonomy":"product_brand","embeddable":true,"href":"https:\/\/tilefly.com\/fr\/wp-json\/wp\/v2\/product_brand?post=531359"},{"taxonomy":"product_cat","embeddable":true,"href":"https:\/\/tilefly.com\/fr\/wp-json\/wp\/v2\/product_cat?post=531359"},{"taxonomy":"product_tag","embeddable":true,"href":"https:\/\/tilefly.com\/fr\/wp-json\/wp\/v2\/product_tag?post=531359"}],"curies":[{"name":"wp","href":"https:\/\/api.w.org\/{rel}","templated":true}]}}