{"id":531353,"date":"2020-10-16T07:46:07","date_gmt":"2024-08-13T12:41:19","guid":{"rendered":"https:\/\/tilefly.com\/producto\/impressions-30x90\/"},"modified":"2024-08-13T14:41:19","modified_gmt":"2024-08-13T12:41:19","slug":"impressions-30x90","status":"publish","type":"product","link":"https:\/\/tilefly.com\/fr\/produit\/impressions-30x90\/","title":{"rendered":"IMPRESSIONS 30X90"},"content":{"rendered":"<p>Carreaux rectifi\u00e9s et d\u00e9cor\u00e9s pour la s\u00e9rie pierre ou ciment qui reproduit les traits de la peinture impressionniste.<br \/>Graphisme abstrait et couleurs mandarine et cr\u00e8me anglaise.<br \/>Convient \u00e0 la pose verticale ou horizontale avec Hipster Mist, Smoke ou Metal.  <\/p>","protected":false},"excerpt":{"rendered":"<p>Carreaux rectifi\u00e9s et d\u00e9cor\u00e9s pour la s\u00e9rie pierre ou ciment qui reproduit les traits de la peinture impressionniste.Graphisme abstrait et couleurs mandarine et cr\u00e8me anglaise.Convient \u00e0 la pose verticale ou horizontale avec Hipster Mist, Smoke ou Metal.<\/p>\n","protected":false},"featured_media":531354,"comment_status":"open","ping_status":"closed","template":"","meta":[],"product_brand":[],"product_cat":[355,356,354],"product_tag":[],"class_list":{"0":"post-531353","1":"product","2":"type-product","3":"status-publish","4":"has-post-thumbnail","6":"product_cat-cuisines","7":"product_cat-faiences","8":"product_cat-carrelage-salle-de-bain","10":"first","11":"outofstock","12":"shipping-taxable","13":"purchasable","14":"product-type-simple"},"_links":{"self":[{"href":"https:\/\/tilefly.com\/fr\/wp-json\/wp\/v2\/product\/531353","targetHints":{"allow":["GET"]}}],"collection":[{"href":"https:\/\/tilefly.com\/fr\/wp-json\/wp\/v2\/product"}],"about":[{"href":"https:\/\/tilefly.com\/fr\/wp-json\/wp\/v2\/types\/product"}],"replies":[{"embeddable":true,"href":"https:\/\/tilefly.com\/fr\/wp-json\/wp\/v2\/comments?post=531353"}],"wp:featuredmedia":[{"embeddable":true,"href":"https:\/\/tilefly.com\/fr\/wp-json\/wp\/v2\/media\/531354"}],"wp:attachment":[{"href":"https:\/\/tilefly.com\/fr\/wp-json\/wp\/v2\/media?parent=531353"}],"wp:term":[{"taxonomy":"product_brand","embeddable":true,"href":"https:\/\/tilefly.com\/fr\/wp-json\/wp\/v2\/product_brand?post=531353"},{"taxonomy":"product_cat","embeddable":true,"href":"https:\/\/tilefly.com\/fr\/wp-json\/wp\/v2\/product_cat?post=531353"},{"taxonomy":"product_tag","embeddable":true,"href":"https:\/\/tilefly.com\/fr\/wp-json\/wp\/v2\/product_tag?post=531353"}],"curies":[{"name":"wp","href":"https:\/\/api.w.org\/{rel}","templated":true}]}}