{"id":531346,"date":"2020-10-16T07:46:07","date_gmt":"2024-08-13T12:41:17","guid":{"rendered":"https:\/\/tilefly.com\/producto\/imperiale-chiaro-30x90\/"},"modified":"2024-08-13T14:41:17","modified_gmt":"2024-08-13T12:41:17","slug":"imperiale-chiaro-30x90","status":"publish","type":"product","link":"https:\/\/tilefly.com\/fr\/produit\/imperiale-chiaro-30x90\/","title":{"rendered":"IMPERIALE CHIARO 30X90"},"content":{"rendered":"<p>Carreaux \u00e9l\u00e9gants rectifi\u00e9s en 30&#215;90 avec la texture du marbre IMPERIAL BLACK dans le ton beige clair et la finition brillante.<br \/>Tr\u00e8s polyvalent car il peut \u00eatre pos\u00e9 horizontalement et verticalement, avec une large gamme de d\u00e9cors allant du minimalisme le plus pur aux d\u00e9corations les plus luxueuses. <\/p>","protected":false},"excerpt":{"rendered":"<p>Carreaux \u00e9l\u00e9gants rectifi\u00e9s en 30&#215;90 avec la texture du marbre IMPERIAL BLACK dans le ton beige clair et la finition brillante.Tr\u00e8s polyvalent car il peut \u00eatre pos\u00e9 horizontalement et verticalement, avec une large gamme de d\u00e9cors allant du minimalisme le plus pur aux d\u00e9corations les plus luxueuses.<\/p>\n","protected":false},"featured_media":531348,"comment_status":"open","ping_status":"closed","template":"","meta":[],"product_brand":[],"product_cat":[355,356,354],"product_tag":[],"class_list":{"0":"post-531346","1":"product","2":"type-product","3":"status-publish","4":"has-post-thumbnail","6":"product_cat-cuisines","7":"product_cat-faiences","8":"product_cat-carrelage-salle-de-bain","10":"first","11":"outofstock","12":"shipping-taxable","13":"purchasable","14":"product-type-simple"},"_links":{"self":[{"href":"https:\/\/tilefly.com\/fr\/wp-json\/wp\/v2\/product\/531346","targetHints":{"allow":["GET"]}}],"collection":[{"href":"https:\/\/tilefly.com\/fr\/wp-json\/wp\/v2\/product"}],"about":[{"href":"https:\/\/tilefly.com\/fr\/wp-json\/wp\/v2\/types\/product"}],"replies":[{"embeddable":true,"href":"https:\/\/tilefly.com\/fr\/wp-json\/wp\/v2\/comments?post=531346"}],"wp:featuredmedia":[{"embeddable":true,"href":"https:\/\/tilefly.com\/fr\/wp-json\/wp\/v2\/media\/531348"}],"wp:attachment":[{"href":"https:\/\/tilefly.com\/fr\/wp-json\/wp\/v2\/media?parent=531346"}],"wp:term":[{"taxonomy":"product_brand","embeddable":true,"href":"https:\/\/tilefly.com\/fr\/wp-json\/wp\/v2\/product_brand?post=531346"},{"taxonomy":"product_cat","embeddable":true,"href":"https:\/\/tilefly.com\/fr\/wp-json\/wp\/v2\/product_cat?post=531346"},{"taxonomy":"product_tag","embeddable":true,"href":"https:\/\/tilefly.com\/fr\/wp-json\/wp\/v2\/product_tag?post=531346"}],"curies":[{"name":"wp","href":"https:\/\/api.w.org\/{rel}","templated":true}]}}