{"id":531328,"date":"2020-10-16T07:46:07","date_gmt":"2024-08-13T12:41:13","guid":{"rendered":"https:\/\/tilefly.com\/producto\/hipster-white-30x90\/"},"modified":"2024-08-13T14:41:13","modified_gmt":"2024-08-13T12:41:13","slug":"hipster-white-30x90","status":"publish","type":"product","link":"https:\/\/tilefly.com\/fr\/produit\/hipster-white-30x90\/","title":{"rendered":"HIPSTER WHITE 30X90"},"content":{"rendered":"<p>Carreau rectifi\u00e9 moderne et original en 30&#215;90 avec une texture de pierre et un graphisme lisse qui part d&#8217;une plaque m\u00e9tallique.<br \/>Tonalit\u00e9 blanc cass\u00e9. <\/p>","protected":false},"excerpt":{"rendered":"<p>Carreau rectifi\u00e9 moderne et original en 30&#215;90 avec une texture de pierre et un graphisme lisse qui part d&#8217;une plaque m\u00e9tallique.Tonalit\u00e9 blanc cass\u00e9.<\/p>\n","protected":false},"featured_media":531330,"comment_status":"open","ping_status":"closed","template":"","meta":[],"product_brand":[],"product_cat":[355,356,354],"product_tag":[],"class_list":{"0":"post-531328","1":"product","2":"type-product","3":"status-publish","4":"has-post-thumbnail","6":"product_cat-cuisines","7":"product_cat-faiences","8":"product_cat-carrelage-salle-de-bain","10":"first","11":"outofstock","12":"shipping-taxable","13":"purchasable","14":"product-type-simple"},"_links":{"self":[{"href":"https:\/\/tilefly.com\/fr\/wp-json\/wp\/v2\/product\/531328","targetHints":{"allow":["GET"]}}],"collection":[{"href":"https:\/\/tilefly.com\/fr\/wp-json\/wp\/v2\/product"}],"about":[{"href":"https:\/\/tilefly.com\/fr\/wp-json\/wp\/v2\/types\/product"}],"replies":[{"embeddable":true,"href":"https:\/\/tilefly.com\/fr\/wp-json\/wp\/v2\/comments?post=531328"}],"wp:featuredmedia":[{"embeddable":true,"href":"https:\/\/tilefly.com\/fr\/wp-json\/wp\/v2\/media\/531330"}],"wp:attachment":[{"href":"https:\/\/tilefly.com\/fr\/wp-json\/wp\/v2\/media?parent=531328"}],"wp:term":[{"taxonomy":"product_brand","embeddable":true,"href":"https:\/\/tilefly.com\/fr\/wp-json\/wp\/v2\/product_brand?post=531328"},{"taxonomy":"product_cat","embeddable":true,"href":"https:\/\/tilefly.com\/fr\/wp-json\/wp\/v2\/product_cat?post=531328"},{"taxonomy":"product_tag","embeddable":true,"href":"https:\/\/tilefly.com\/fr\/wp-json\/wp\/v2\/product_tag?post=531328"}],"curies":[{"name":"wp","href":"https:\/\/api.w.org\/{rel}","templated":true}]}}