{"id":531287,"date":"2020-10-16T07:46:07","date_gmt":"2024-08-13T12:40:59","guid":{"rendered":"https:\/\/tilefly.com\/producto\/hipster-brick-smoke-30x90\/"},"modified":"2024-08-13T14:40:59","modified_gmt":"2024-08-13T12:40:59","slug":"hipster-brick-smoke-30x90","status":"publish","type":"product","link":"https:\/\/tilefly.com\/fr\/produit\/hipster-brick-smoke-30x90\/","title":{"rendered":"HIPSTER BRICK SMOKE 30X90"},"content":{"rendered":"<p>Relief moderne pour Carreaux rectifi\u00e9s en 30&#215;90 avec un aspect mosa\u00efque de pierre avec diff\u00e9rentes finitions (lisse, bouchard\u00e9, stri\u00e9) .<br \/>Se combine avec HIPSTER SMOKE.<br \/>Tonalit\u00e9 gris clair.  <\/p>","protected":false},"excerpt":{"rendered":"<p>Relief moderne pour Carreaux rectifi\u00e9s en 30&#215;90 avec un aspect mosa\u00efque de pierre avec diff\u00e9rentes finitions (lisse, bouchard\u00e9, stri\u00e9) .Se combine avec HIPSTER SMOKE.Tonalit\u00e9 gris clair.<\/p>\n","protected":false},"featured_media":531288,"comment_status":"open","ping_status":"closed","template":"","meta":[],"product_brand":[],"product_cat":[355,356,354],"product_tag":[],"class_list":{"0":"post-531287","1":"product","2":"type-product","3":"status-publish","4":"has-post-thumbnail","6":"product_cat-cuisines","7":"product_cat-faiences","8":"product_cat-carrelage-salle-de-bain","10":"first","11":"outofstock","12":"shipping-taxable","13":"purchasable","14":"product-type-simple"},"_links":{"self":[{"href":"https:\/\/tilefly.com\/fr\/wp-json\/wp\/v2\/product\/531287","targetHints":{"allow":["GET"]}}],"collection":[{"href":"https:\/\/tilefly.com\/fr\/wp-json\/wp\/v2\/product"}],"about":[{"href":"https:\/\/tilefly.com\/fr\/wp-json\/wp\/v2\/types\/product"}],"replies":[{"embeddable":true,"href":"https:\/\/tilefly.com\/fr\/wp-json\/wp\/v2\/comments?post=531287"}],"wp:featuredmedia":[{"embeddable":true,"href":"https:\/\/tilefly.com\/fr\/wp-json\/wp\/v2\/media\/531288"}],"wp:attachment":[{"href":"https:\/\/tilefly.com\/fr\/wp-json\/wp\/v2\/media?parent=531287"}],"wp:term":[{"taxonomy":"product_brand","embeddable":true,"href":"https:\/\/tilefly.com\/fr\/wp-json\/wp\/v2\/product_brand?post=531287"},{"taxonomy":"product_cat","embeddable":true,"href":"https:\/\/tilefly.com\/fr\/wp-json\/wp\/v2\/product_cat?post=531287"},{"taxonomy":"product_tag","embeddable":true,"href":"https:\/\/tilefly.com\/fr\/wp-json\/wp\/v2\/product_tag?post=531287"}],"curies":[{"name":"wp","href":"https:\/\/api.w.org\/{rel}","templated":true}]}}