{"id":531214,"date":"2020-10-14T22:46:14","date_gmt":"2024-08-13T12:40:34","guid":{"rendered":"https:\/\/tilefly.com\/producto\/emotions-30x90\/"},"modified":"2024-08-13T14:40:34","modified_gmt":"2024-08-13T12:40:34","slug":"emotions-30x90","status":"publish","type":"product","link":"https:\/\/tilefly.com\/fr\/produit\/emotions-30x90\/","title":{"rendered":"EMOTIONS 30X90"},"content":{"rendered":"<p>D\u00e9coration c\u00e9ramique d&#8217;inspiration classique avec des bandes parall\u00e8les enrichies de lustres et de p\u00e2tes de verre.<br \/>Vendu au m\u00e8tre carr\u00e9 car il est con\u00e7u pour d\u00e9corer des espaces entiers. <\/p>","protected":false},"excerpt":{"rendered":"<p>D\u00e9coration c\u00e9ramique d&#8217;inspiration classique avec des bandes parall\u00e8les enrichies de lustres et de p\u00e2tes de verre.Vendu au m\u00e8tre carr\u00e9 car il est con\u00e7u pour d\u00e9corer des espaces entiers.<\/p>\n","protected":false},"featured_media":531215,"comment_status":"open","ping_status":"closed","template":"","meta":[],"product_brand":[],"product_cat":[355,356,354],"product_tag":[],"class_list":{"0":"post-531214","1":"product","2":"type-product","3":"status-publish","4":"has-post-thumbnail","6":"product_cat-cuisines","7":"product_cat-faiences","8":"product_cat-carrelage-salle-de-bain","10":"first","11":"outofstock","12":"shipping-taxable","13":"purchasable","14":"product-type-simple"},"_links":{"self":[{"href":"https:\/\/tilefly.com\/fr\/wp-json\/wp\/v2\/product\/531214","targetHints":{"allow":["GET"]}}],"collection":[{"href":"https:\/\/tilefly.com\/fr\/wp-json\/wp\/v2\/product"}],"about":[{"href":"https:\/\/tilefly.com\/fr\/wp-json\/wp\/v2\/types\/product"}],"replies":[{"embeddable":true,"href":"https:\/\/tilefly.com\/fr\/wp-json\/wp\/v2\/comments?post=531214"}],"wp:featuredmedia":[{"embeddable":true,"href":"https:\/\/tilefly.com\/fr\/wp-json\/wp\/v2\/media\/531215"}],"wp:attachment":[{"href":"https:\/\/tilefly.com\/fr\/wp-json\/wp\/v2\/media?parent=531214"}],"wp:term":[{"taxonomy":"product_brand","embeddable":true,"href":"https:\/\/tilefly.com\/fr\/wp-json\/wp\/v2\/product_brand?post=531214"},{"taxonomy":"product_cat","embeddable":true,"href":"https:\/\/tilefly.com\/fr\/wp-json\/wp\/v2\/product_cat?post=531214"},{"taxonomy":"product_tag","embeddable":true,"href":"https:\/\/tilefly.com\/fr\/wp-json\/wp\/v2\/product_tag?post=531214"}],"curies":[{"name":"wp","href":"https:\/\/api.w.org\/{rel}","templated":true}]}}