{"id":531201,"date":"2020-10-14T22:46:14","date_gmt":"2024-08-13T12:40:27","guid":{"rendered":"https:\/\/tilefly.com\/producto\/diurne-sand-30x90\/"},"modified":"2024-08-13T14:40:27","modified_gmt":"2024-08-13T12:40:27","slug":"diurne-sand-30x90","status":"publish","type":"product","link":"https:\/\/tilefly.com\/fr\/produit\/diurne-sand-30x90\/","title":{"rendered":"DIURNE SAND 30X90"},"content":{"rendered":"<p>Design \u00e9clectique bas\u00e9 sur la fusion de ciment vieilli avec des effets rouill\u00e9s et de petites pierres qui lui donnent de la personnalit\u00e9.<br \/>Soyeux au toucher, ce carreau rectifi\u00e9 est une option tr\u00e8s int\u00e9ressante pour les pi\u00e8ces qui ont de la personnalit\u00e9.<br \/>Disponible dans une gamme de beiges, SAND ou de gris, GREY.  <\/p>","protected":false},"excerpt":{"rendered":"<p>Design \u00e9clectique bas\u00e9 sur la fusion de ciment vieilli avec des effets rouill\u00e9s et de petites pierres qui lui donnent de la personnalit\u00e9.Soyeux au toucher, ce carreau rectifi\u00e9 est une option tr\u00e8s int\u00e9ressante pour les pi\u00e8ces qui ont de la personnalit\u00e9.Disponible dans une gamme de beiges, SAND ou de gris, GREY.<\/p>\n","protected":false},"featured_media":121018,"comment_status":"open","ping_status":"closed","template":"","meta":[],"product_brand":[],"product_cat":[355,356,354],"product_tag":[],"class_list":{"0":"post-531201","1":"product","2":"type-product","3":"status-publish","4":"has-post-thumbnail","6":"product_cat-cuisines","7":"product_cat-faiences","8":"product_cat-carrelage-salle-de-bain","10":"first","11":"outofstock","12":"shipping-taxable","13":"purchasable","14":"product-type-simple"},"_links":{"self":[{"href":"https:\/\/tilefly.com\/fr\/wp-json\/wp\/v2\/product\/531201","targetHints":{"allow":["GET"]}}],"collection":[{"href":"https:\/\/tilefly.com\/fr\/wp-json\/wp\/v2\/product"}],"about":[{"href":"https:\/\/tilefly.com\/fr\/wp-json\/wp\/v2\/types\/product"}],"replies":[{"embeddable":true,"href":"https:\/\/tilefly.com\/fr\/wp-json\/wp\/v2\/comments?post=531201"}],"wp:featuredmedia":[{"embeddable":true,"href":"https:\/\/tilefly.com\/fr\/wp-json\/wp\/v2\/media\/121018"}],"wp:attachment":[{"href":"https:\/\/tilefly.com\/fr\/wp-json\/wp\/v2\/media?parent=531201"}],"wp:term":[{"taxonomy":"product_brand","embeddable":true,"href":"https:\/\/tilefly.com\/fr\/wp-json\/wp\/v2\/product_brand?post=531201"},{"taxonomy":"product_cat","embeddable":true,"href":"https:\/\/tilefly.com\/fr\/wp-json\/wp\/v2\/product_cat?post=531201"},{"taxonomy":"product_tag","embeddable":true,"href":"https:\/\/tilefly.com\/fr\/wp-json\/wp\/v2\/product_tag?post=531201"}],"curies":[{"name":"wp","href":"https:\/\/api.w.org\/{rel}","templated":true}]}}