{"id":531155,"date":"2020-10-14T22:46:14","date_gmt":"2024-08-13T12:39:42","guid":{"rendered":"https:\/\/tilefly.com\/producto\/collage-smoke-30x90\/"},"modified":"2024-08-13T14:39:42","modified_gmt":"2024-08-13T12:39:42","slug":"collage-smoke-30x90","status":"publish","type":"product","link":"https:\/\/tilefly.com\/fr\/produit\/collage-smoke-30x90\/","title":{"rendered":"COLLAGE SMOKE 30X90"},"content":{"rendered":"<p>Carreaux rectifi\u00e9s et d\u00e9cor\u00e9s avec une vari\u00e9t\u00e9 de mat\u00e9riaux bruts dans les tons noirs et gris.<br \/>Design en patchwork pour des pi\u00e8ces modernes et \u00e9l\u00e9gantes avec 12 modules chacun, qui forment un riche patchwork de textures et de graphiques abstraits sur un fond de pierre. <\/p>","protected":false},"excerpt":{"rendered":"<p>Carreaux rectifi\u00e9s et d\u00e9cor\u00e9s avec une vari\u00e9t\u00e9 de mat\u00e9riaux bruts dans les tons noirs et gris.Design en patchwork pour des pi\u00e8ces modernes et \u00e9l\u00e9gantes avec 12 modules chacun, qui forment un riche patchwork de textures et de graphiques abstraits sur un fond de pierre.<\/p>\n","protected":false},"featured_media":531156,"comment_status":"open","ping_status":"closed","template":"","meta":[],"product_brand":[],"product_cat":[355,356,354],"product_tag":[],"class_list":{"0":"post-531155","1":"product","2":"type-product","3":"status-publish","4":"has-post-thumbnail","6":"product_cat-cuisines","7":"product_cat-faiences","8":"product_cat-carrelage-salle-de-bain","10":"first","11":"outofstock","12":"shipping-taxable","13":"purchasable","14":"product-type-simple"},"_links":{"self":[{"href":"https:\/\/tilefly.com\/fr\/wp-json\/wp\/v2\/product\/531155","targetHints":{"allow":["GET"]}}],"collection":[{"href":"https:\/\/tilefly.com\/fr\/wp-json\/wp\/v2\/product"}],"about":[{"href":"https:\/\/tilefly.com\/fr\/wp-json\/wp\/v2\/types\/product"}],"replies":[{"embeddable":true,"href":"https:\/\/tilefly.com\/fr\/wp-json\/wp\/v2\/comments?post=531155"}],"wp:featuredmedia":[{"embeddable":true,"href":"https:\/\/tilefly.com\/fr\/wp-json\/wp\/v2\/media\/531156"}],"wp:attachment":[{"href":"https:\/\/tilefly.com\/fr\/wp-json\/wp\/v2\/media?parent=531155"}],"wp:term":[{"taxonomy":"product_brand","embeddable":true,"href":"https:\/\/tilefly.com\/fr\/wp-json\/wp\/v2\/product_brand?post=531155"},{"taxonomy":"product_cat","embeddable":true,"href":"https:\/\/tilefly.com\/fr\/wp-json\/wp\/v2\/product_cat?post=531155"},{"taxonomy":"product_tag","embeddable":true,"href":"https:\/\/tilefly.com\/fr\/wp-json\/wp\/v2\/product_tag?post=531155"}],"curies":[{"name":"wp","href":"https:\/\/api.w.org\/{rel}","templated":true}]}}